{"id":2633,"date":"2024-01-19T11:18:40","date_gmt":"2024-01-19T10:18:40","guid":{"rendered":"https:\/\/lebaraparfum.fr\/?page_id=2633"},"modified":"2025-05-30T19:03:10","modified_gmt":"2025-05-30T17:03:10","slug":"politique-de-confidentialite","status":"publish","type":"page","link":"https:\/\/lebaraparfum.fr\/?page_id=2633","title":{"rendered":"Politique de confidentialit\u00e9"},"content":{"rendered":"\t\t<div data-elementor-type=\"wp-page\" data-elementor-id=\"2633\" class=\"elementor elementor-2633\" data-elementor-post-type=\"page\">\n\t\t\t\t\t\t\t<div class=\"elementor-element elementor-element-5567b9e3 e-flex e-con-boxed e-con e-parent\" data-id=\"5567b9e3\" data-element_type=\"container\" data-settings=\"{&quot;content_width&quot;:&quot;boxed&quot;}\" data-core-v316-plus=\"true\">\n\t\t\t\t\t<div class=\"e-con-inner\">\n\t\t\t\t<div class=\"elementor-element elementor-element-510261d6 elementor-widget elementor-widget-text-editor\" data-id=\"510261d6\" data-element_type=\"widget\" data-widget_type=\"text-editor.default\">\n\t\t\t\t<div class=\"elementor-widget-container\">\n\t\t\t<style>\/*! elementor - v3.18.0 - 08-12-2023 *\/\n.elementor-widget-text-editor.elementor-drop-cap-view-stacked .elementor-drop-cap{background-color:#69727d;color:#fff}.elementor-widget-text-editor.elementor-drop-cap-view-framed .elementor-drop-cap{color:#69727d;border:3px solid;background-color:transparent}.elementor-widget-text-editor:not(.elementor-drop-cap-view-default) .elementor-drop-cap{margin-top:8px}.elementor-widget-text-editor:not(.elementor-drop-cap-view-default) .elementor-drop-cap-letter{width:1em;height:1em}.elementor-widget-text-editor .elementor-drop-cap{float:left;text-align:center;line-height:1;font-size:50px}.elementor-widget-text-editor .elementor-drop-cap-letter{display:inline-block}<\/style>\t\t\t\t<p><!-- wp:paragraph --><\/p>\n<p>La pr\u00e9sente Politique de Confidentialit\u00e9 r\u00e9git la collecte, l&#8217;utilisation et la protection des informations personnelles que vous fournissez lors de l&#8217;utilisation du site lebaraparfum.fr, exploit\u00e9 par Unter Interface.<\/p>\n<p><!-- \/wp:paragraph --><\/p>\n<p><!-- wp:paragraph --><\/p>\n<p><strong>1. Collecte des Informations<\/strong><\/p>\n<p><!-- \/wp:paragraph --><\/p>\n<p><!-- wp:paragraph --><\/p>\n<p>Nous collectons des informations lorsque vous effectuez un achat sur notre site, remplissez un formulaire ou communiquez avec nous par le biais de notre site. Les informations collect\u00e9es peuvent inclure votre nom, votre adresse e-mail, votre adresse postale, votre num\u00e9ro de t\u00e9l\u00e9phone et des informations de paiement.<\/p>\n<p><!-- \/wp:paragraph --><\/p>\n<p><!-- wp:paragraph --><\/p>\n<p><strong>2. Utilisation des Informations<\/strong><\/p>\n<p><!-- \/wp:paragraph --><\/p>\n<p><!-- wp:paragraph --><\/p>\n<p>Nous utilisons les informations que nous collectons pour traiter les commandes, personnaliser votre exp\u00e9rience sur le site, am\u00e9liorer notre service client, et vous informer sur les mises \u00e0 jour de produits ou les offres sp\u00e9ciales.<\/p>\n<p><!-- \/wp:paragraph --><\/p>\n<p><!-- wp:paragraph --><\/p>\n<p><strong>3. Protection des Informations<\/strong><\/p>\n<p><!-- \/wp:paragraph --><\/p>\n<p><!-- wp:paragraph --><\/p>\n<p>Nous mettons en \u0153uvre une vari\u00e9t\u00e9 de mesures de s\u00e9curit\u00e9 pour prot\u00e9ger la s\u00e9curit\u00e9 de vos informations personnelles. Nous ne stockons pas les informations de paiement sensibles sur nos serveurs.<\/p>\n<p><!-- \/wp:paragraph --><\/p>\n<p><!-- wp:paragraph --><\/p>\n<p><strong>4. Divulgation \u00e0 des Tiers<\/strong><\/p>\n<p><!-- \/wp:paragraph --><\/p>\n<p><!-- wp:paragraph --><\/p>\n<p>Nous ne vendons, n&#8217;\u00e9changeons ni ne transf\u00e9rons vos informations personnelles identifiables \u00e0 des tiers sans votre consentement, sauf dans les cas n\u00e9cessaires pour fournir le produit ou le service demand\u00e9.<\/p>\n<p><!-- \/wp:paragraph --><\/p>\n<p><!-- wp:paragraph --><\/p>\n<p><strong>5. Cookies<\/strong><\/p>\n<p><!-- \/wp:paragraph --><\/p>\n<p><!-- wp:paragraph --><\/p>\n<p>Nous utilisons des cookies pour am\u00e9liorer votre exp\u00e9rience sur notre site. Ces cookies nous aident \u00e0 comprendre vos pr\u00e9f\u00e9rences en fonction de votre activit\u00e9 pass\u00e9e et actuelle sur le site, ce qui nous permet d&#8217;am\u00e9liorer continuellement nos services.<\/p>\n<p><!-- \/wp:paragraph --><\/p>\n<p><!-- wp:paragraph --><\/p>\n<p><strong>6. Consentement<\/strong><\/p>\n<p><!-- \/wp:paragraph --><\/p>\n<p><!-- wp:paragraph --><\/p>\n<p>En utilisant notre site, vous consentez \u00e0 notre politique de confidentialit\u00e9.<\/p>\n<p><!-- \/wp:paragraph --><\/p>\n<p><!-- wp:paragraph --><\/p>\n<p><strong>7. Modifications de la Politique de Confidentialit\u00e9<\/strong><\/p>\n<p><!-- \/wp:paragraph --><\/p>\n<p><!-- wp:paragraph --><\/p>\n<p>En cas de modification de notre politique de confidentialit\u00e9, les modifications seront publi\u00e9es sur cette page.<\/p>\n<p><!-- \/wp:paragraph --><\/p>\n<p><!-- wp:paragraph --><\/p>\n<p><strong>8. Contact<\/strong><\/p>\n<p><!-- \/wp:paragraph --><\/p>\n<p><!-- wp:paragraph --><\/p>\n<p>Pour toute question concernant cette politique de confidentialit\u00e9, vous pouvez nous contacter \u00e0 l&#8217;adresse suivante : contact@lebaraparfum.fr.<\/p>\n<p><!-- \/wp:paragraph --><\/p>\t\t\t\t\t\t<\/div>\n\t\t\t\t<\/div>\n\t\t\t\t\t<\/div>\n\t\t\t\t<\/div>\n\t\t\t\t\t\t\t<\/div>\n\t\t","protected":false},"excerpt":{"rendered":"<p>La pr\u00e9sente Politique de Confidentialit\u00e9 r\u00e9git la collecte, l&#8217;utilisation et la protection des informations personnelles que vous fournissez lors de l&#8217;utilisation du site lebaraparfum.fr, exploit\u00e9 par Unter Interface. 1. Collecte des Informations Nous collectons des informations lorsque vous effectuez un achat sur notre site, remplissez un formulaire ou communiquez avec nous par le biais de &hellip;<\/p>\n<p class=\"read-more\"> <a class=\"\" href=\"https:\/\/lebaraparfum.fr\/?page_id=2633\"> <span class=\"screen-reader-text\">Politique de confidentialit\u00e9<\/span> Lire la suite\u00a0\u00bb<\/a><\/p>\n","protected":false},"author":1,"featured_media":0,"parent":0,"menu_order":0,"comment_status":"closed","ping_status":"closed","template":"","meta":{"_monsterinsights_skip_tracking":false,"_monsterinsights_sitenote_active":false,"_monsterinsights_sitenote_note":"","_monsterinsights_sitenote_category":0,"site-sidebar-layout":"default","site-content-layout":"","ast-site-content-layout":"default","site-content-style":"default","site-sidebar-style":"default","ast-global-header-display":"","ast-banner-title-visibility":"","ast-main-header-display":"","ast-hfb-above-header-display":"","ast-hfb-below-header-display":"","ast-hfb-mobile-header-display":"","site-post-title":"","ast-breadcrumbs-content":"","ast-featured-img":"","footer-sml-layout":"","theme-transparent-header-meta":"","adv-header-id-meta":"","stick-header-meta":"","header-above-stick-meta":"","header-main-stick-meta":"","header-below-stick-meta":"","astra-migrate-meta-layouts":"set","ast-page-background-enabled":"default","ast-page-background-meta":{"desktop":{"background-color":"var(--ast-global-color-4)","background-image":"","background-repeat":"repeat","background-position":"center center","background-size":"auto","background-attachment":"scroll","background-type":"","background-media":"","overlay-type":"","overlay-color":"","overlay-gradient":""},"tablet":{"background-color":"","background-image":"","background-repeat":"repeat","background-position":"center center","background-size":"auto","background-attachment":"scroll","background-type":"","background-media":"","overlay-type":"","overlay-color":"","overlay-gradient":""},"mobile":{"background-color":"","background-image":"","background-repeat":"repeat","background-position":"center center","background-size":"auto","background-attachment":"scroll","background-type":"","background-media":"","overlay-type":"","overlay-color":"","overlay-gradient":""}},"ast-content-background-meta":{"desktop":{"background-color":"var(--ast-global-color-5)","background-image":"","background-repeat":"repeat","background-position":"center center","background-size":"auto","background-attachment":"scroll","background-type":"","background-media":"","overlay-type":"","overlay-color":"","overlay-gradient":""},"tablet":{"background-color":"var(--ast-global-color-5)","background-image":"","background-repeat":"repeat","background-position":"center center","background-size":"auto","background-attachment":"scroll","background-type":"","background-media":"","overlay-type":"","overlay-color":"","overlay-gradient":""},"mobile":{"background-color":"var(--ast-global-color-5)","background-image":"","background-repeat":"repeat","background-position":"center center","background-size":"auto","background-attachment":"scroll","background-type":"","background-media":"","overlay-type":"","overlay-color":"","overlay-gradient":""}},"footnotes":""},"yoast_head":"<!-- This site is optimized with the Yoast SEO Premium plugin v21.9 (Yoast SEO v21.9.1) - https:\/\/yoast.com\/wordpress\/plugins\/seo\/ -->\n<title>Politique de confidentialit\u00e9 | Le Bar \u00e0 Parfum<\/title>\n<meta name=\"robots\" content=\"index, follow, max-snippet:-1, max-image-preview:large, max-video-preview:-1\" \/>\n<link rel=\"canonical\" href=\"https:\/\/lebaraparfum.fr\/?page_id=2633\" \/>\n<meta property=\"og:locale\" content=\"fr_FR\" \/>\n<meta property=\"og:type\" content=\"article\" \/>\n<meta property=\"og:title\" content=\"Politique de confidentialit\u00e9\" \/>\n<meta property=\"og:description\" content=\"La pr\u00e9sente Politique de Confidentialit\u00e9 r\u00e9git la collecte, l&#8217;utilisation et la protection des informations personnelles que vous fournissez lors de l&#8217;utilisation du site lebaraparfum.fr, exploit\u00e9 par Unter Interface. 1. Collecte des Informations Nous collectons des informations lorsque vous effectuez un achat sur notre site, remplissez un formulaire ou communiquez avec nous par le biais de &hellip; Politique de confidentialit\u00e9 Lire la suite\u00a0\u00bb\" \/>\n<meta property=\"og:url\" content=\"https:\/\/lebaraparfum.fr\/?page_id=2633\" \/>\n<meta property=\"og:site_name\" content=\"Le Bar \u00e0 Parfum\" \/>\n<meta property=\"article:modified_time\" content=\"2025-05-30T17:03:10+00:00\" \/>\n<meta property=\"og:image\" content=\"https:\/\/lebaraparfum.fr\/wp-content\/uploads\/2023\/12\/mannequin-beaute-coiffure-fleur-rose-scaled.jpg\" \/>\n\t<meta property=\"og:image:width\" content=\"2560\" \/>\n\t<meta property=\"og:image:height\" content=\"1707\" \/>\n\t<meta property=\"og:image:type\" content=\"image\/jpeg\" \/>\n<meta name=\"twitter:card\" content=\"summary_large_image\" \/>\n<meta name=\"twitter:label1\" content=\"Dur\u00e9e de lecture estim\u00e9e\" \/>\n\t<meta name=\"twitter:data1\" content=\"2 minutes\" \/>\n<script type=\"application\/ld+json\" class=\"yoast-schema-graph\">{\"@context\":\"https:\/\/schema.org\",\"@graph\":[{\"@type\":\"WebPage\",\"@id\":\"https:\/\/lebaraparfum.fr\/?page_id=2633\",\"url\":\"https:\/\/lebaraparfum.fr\/?page_id=2633\",\"name\":\"Politique de confidentialit\u00e9 | Le Bar \u00e0 Parfum\",\"isPartOf\":{\"@id\":\"https:\/\/lebaraparfum.fr\/#website\"},\"datePublished\":\"2024-01-19T10:18:40+00:00\",\"dateModified\":\"2025-05-30T17:03:10+00:00\",\"breadcrumb\":{\"@id\":\"https:\/\/lebaraparfum.fr\/?page_id=2633#breadcrumb\"},\"inLanguage\":\"fr-FR\",\"potentialAction\":[{\"@type\":\"ReadAction\",\"target\":[\"https:\/\/lebaraparfum.fr\/?page_id=2633\"]}]},{\"@type\":\"BreadcrumbList\",\"@id\":\"https:\/\/lebaraparfum.fr\/?page_id=2633#breadcrumb\",\"itemListElement\":[{\"@type\":\"ListItem\",\"position\":1,\"name\":\"Accueil\",\"item\":\"https:\/\/lebaraparfum.fr\/\"},{\"@type\":\"ListItem\",\"position\":2,\"name\":\"Politique de confidentialit\u00e9\"}]},{\"@type\":\"WebSite\",\"@id\":\"https:\/\/lebaraparfum.fr\/#website\",\"url\":\"https:\/\/lebaraparfum.fr\/\",\"name\":\"Le Bar \u00e0 Parfum\",\"description\":\"\",\"publisher\":{\"@id\":\"https:\/\/lebaraparfum.fr\/#organization\"},\"alternateName\":\"Eau De Gamme\",\"potentialAction\":[{\"@type\":\"SearchAction\",\"target\":{\"@type\":\"EntryPoint\",\"urlTemplate\":\"https:\/\/lebaraparfum.fr\/?s={search_term_string}\"},\"query-input\":\"required name=search_term_string\"}],\"inLanguage\":\"fr-FR\"},{\"@type\":\"Organization\",\"@id\":\"https:\/\/lebaraparfum.fr\/#organization\",\"name\":\"Eau De Gamme\",\"url\":\"https:\/\/lebaraparfum.fr\/\",\"logo\":{\"@type\":\"ImageObject\",\"inLanguage\":\"fr-FR\",\"@id\":\"https:\/\/lebaraparfum.fr\/#\/schema\/logo\/image\/\",\"url\":\"https:\/\/lebaraparfum.fr\/wp-content\/uploads\/2024\/01\/cropped-logo.png\",\"contentUrl\":\"https:\/\/lebaraparfum.fr\/wp-content\/uploads\/2024\/01\/cropped-logo.png\",\"width\":512,\"height\":512,\"caption\":\"Eau De Gamme\"},\"image\":{\"@id\":\"https:\/\/lebaraparfum.fr\/#\/schema\/logo\/image\/\"},\"sameAs\":[\"https:\/\/www.instagram.com\/edg.orleans\/\"],\"actionableFeedbackPolicy\":\"https:\/\/lebaraparfum.fr\/?page_id=2631\"}]}<\/script>\n<!-- \/ Yoast SEO Premium plugin. -->","yoast_head_json":{"title":"Politique de confidentialit\u00e9 | Le Bar \u00e0 Parfum","robots":{"index":"index","follow":"follow","max-snippet":"max-snippet:-1","max-image-preview":"max-image-preview:large","max-video-preview":"max-video-preview:-1"},"canonical":"https:\/\/lebaraparfum.fr\/?page_id=2633","og_locale":"fr_FR","og_type":"article","og_title":"Politique de confidentialit\u00e9","og_description":"La pr\u00e9sente Politique de Confidentialit\u00e9 r\u00e9git la collecte, l&#8217;utilisation et la protection des informations personnelles que vous fournissez lors de l&#8217;utilisation du site lebaraparfum.fr, exploit\u00e9 par Unter Interface. 1. Collecte des Informations Nous collectons des informations lorsque vous effectuez un achat sur notre site, remplissez un formulaire ou communiquez avec nous par le biais de &hellip; Politique de confidentialit\u00e9 Lire la suite\u00a0\u00bb","og_url":"https:\/\/lebaraparfum.fr\/?page_id=2633","og_site_name":"Le Bar \u00e0 Parfum","article_modified_time":"2025-05-30T17:03:10+00:00","og_image":[{"width":2560,"height":1707,"url":"https:\/\/lebaraparfum.fr\/wp-content\/uploads\/2023\/12\/mannequin-beaute-coiffure-fleur-rose-scaled.jpg","type":"image\/jpeg"}],"twitter_card":"summary_large_image","twitter_misc":{"Dur\u00e9e de lecture estim\u00e9e":"2 minutes"},"schema":{"@context":"https:\/\/schema.org","@graph":[{"@type":"WebPage","@id":"https:\/\/lebaraparfum.fr\/?page_id=2633","url":"https:\/\/lebaraparfum.fr\/?page_id=2633","name":"Politique de confidentialit\u00e9 | Le Bar \u00e0 Parfum","isPartOf":{"@id":"https:\/\/lebaraparfum.fr\/#website"},"datePublished":"2024-01-19T10:18:40+00:00","dateModified":"2025-05-30T17:03:10+00:00","breadcrumb":{"@id":"https:\/\/lebaraparfum.fr\/?page_id=2633#breadcrumb"},"inLanguage":"fr-FR","potentialAction":[{"@type":"ReadAction","target":["https:\/\/lebaraparfum.fr\/?page_id=2633"]}]},{"@type":"BreadcrumbList","@id":"https:\/\/lebaraparfum.fr\/?page_id=2633#breadcrumb","itemListElement":[{"@type":"ListItem","position":1,"name":"Accueil","item":"https:\/\/lebaraparfum.fr\/"},{"@type":"ListItem","position":2,"name":"Politique de confidentialit\u00e9"}]},{"@type":"WebSite","@id":"https:\/\/lebaraparfum.fr\/#website","url":"https:\/\/lebaraparfum.fr\/","name":"Le Bar \u00e0 Parfum","description":"","publisher":{"@id":"https:\/\/lebaraparfum.fr\/#organization"},"alternateName":"Eau De Gamme","potentialAction":[{"@type":"SearchAction","target":{"@type":"EntryPoint","urlTemplate":"https:\/\/lebaraparfum.fr\/?s={search_term_string}"},"query-input":"required name=search_term_string"}],"inLanguage":"fr-FR"},{"@type":"Organization","@id":"https:\/\/lebaraparfum.fr\/#organization","name":"Eau De Gamme","url":"https:\/\/lebaraparfum.fr\/","logo":{"@type":"ImageObject","inLanguage":"fr-FR","@id":"https:\/\/lebaraparfum.fr\/#\/schema\/logo\/image\/","url":"https:\/\/lebaraparfum.fr\/wp-content\/uploads\/2024\/01\/cropped-logo.png","contentUrl":"https:\/\/lebaraparfum.fr\/wp-content\/uploads\/2024\/01\/cropped-logo.png","width":512,"height":512,"caption":"Eau De Gamme"},"image":{"@id":"https:\/\/lebaraparfum.fr\/#\/schema\/logo\/image\/"},"sameAs":["https:\/\/www.instagram.com\/edg.orleans\/"],"actionableFeedbackPolicy":"https:\/\/lebaraparfum.fr\/?page_id=2631"}]}},"_links":{"self":[{"href":"https:\/\/lebaraparfum.fr\/index.php?rest_route=\/wp\/v2\/pages\/2633"}],"collection":[{"href":"https:\/\/lebaraparfum.fr\/index.php?rest_route=\/wp\/v2\/pages"}],"about":[{"href":"https:\/\/lebaraparfum.fr\/index.php?rest_route=\/wp\/v2\/types\/page"}],"author":[{"embeddable":true,"href":"https:\/\/lebaraparfum.fr\/index.php?rest_route=\/wp\/v2\/users\/1"}],"replies":[{"embeddable":true,"href":"https:\/\/lebaraparfum.fr\/index.php?rest_route=%2Fwp%2Fv2%2Fcomments&post=2633"}],"version-history":[{"count":4,"href":"https:\/\/lebaraparfum.fr\/index.php?rest_route=\/wp\/v2\/pages\/2633\/revisions"}],"predecessor-version":[{"id":3418,"href":"https:\/\/lebaraparfum.fr\/index.php?rest_route=\/wp\/v2\/pages\/2633\/revisions\/3418"}],"wp:attachment":[{"href":"https:\/\/lebaraparfum.fr\/index.php?rest_route=%2Fwp%2Fv2%2Fmedia&parent=2633"}],"curies":[{"name":"wp","href":"https:\/\/api.w.org\/{rel}","templated":true}]}}