{"id":1882,"date":"2023-12-02T02:14:57","date_gmt":"2023-12-02T01:14:57","guid":{"rendered":"https:\/\/lebaraparfum.fr\/?post_type=product&#038;p=1882"},"modified":"2024-04-15T16:12:04","modified_gmt":"2024-04-15T14:12:04","slug":"vanilla-sky-brumes-rp","status":"publish","type":"product","link":"https:\/\/lebaraparfum.fr\/?product=vanilla-sky-brumes-rp","title":{"rendered":"Vanilla Sky Brumes RP"},"content":{"rendered":"<p>L&#8217;exp\u00e9rience d&#8217;un parfum se transforme en une brume envo\u00fbtante.<\/p>\n<p>Parmi les nombreux avantages d&#8217;une brume, voici le plus essentiel : elle peut \u00eatre g\u00e9n\u00e9reusement pulv\u00e9ris\u00e9e sur la peau, en particulier sur la chevelure. Les cheveux, positionn\u00e9s sur la zone la plus chaude du corps, agissent comme des r\u00e9cepteurs olfactifs et des diffuseurs de fragrances.<\/p>\n<p>Des fragrances d&#8217;une d\u00e9licate l\u00e9g\u00e8ret\u00e9.<\/p>\n<p>L&#8217;alliance harmonieuse de senteurs qui compose une brume suit une pyramide olfactive exactement similaire \u00e0 celle d&#8217;un parfum. Leur \u00e9laboration demande autant de savoir-faire que de sophistication. La diff\u00e9rence r\u00e9side dans la concentration nettement plus faible de ses composants parfumants, int\u00e9gr\u00e9s \u00e0 une base aqueuse.<\/p>\n<p>Son utilisation quotidienne est totalement exempte de tout risque de surdose.<\/p>\n","protected":false},"excerpt":{"rendered":"<p>L&#8217;exp\u00e9rience d&#8217;un parfum se transforme en une brume envo\u00fbtante. Parmi les nombreux avantages d&#8217;une brume, voici le plus essentiel : elle peut \u00eatre g\u00e9n\u00e9reusement pulv\u00e9ris\u00e9e sur la peau, en particulier sur la chevelure. Les cheveux, positionn\u00e9s sur la zone la plus chaude du corps, agissent comme des r\u00e9cepteurs olfactifs et des diffuseurs de fragrances. Des &hellip;<\/p>\n<p class=\"read-more\"> <a class=\"\" href=\"https:\/\/lebaraparfum.fr\/?product=vanilla-sky-brumes-rp\"> <span class=\"screen-reader-text\">Vanilla Sky Brumes RP<\/span> Lire la suite\u00a0\u00bb<\/a><\/p>\n","protected":false},"featured_media":1883,"comment_status":"open","ping_status":"closed","template":"","meta":{"_monsterinsights_skip_tracking":false,"_monsterinsights_sitenote_active":false,"_monsterinsights_sitenote_note":"","_monsterinsights_sitenote_category":0,"site-sidebar-layout":"default","site-content-layout":"","ast-site-content-layout":"default","site-content-style":"default","site-sidebar-style":"default","ast-global-header-display":"","ast-banner-title-visibility":"","ast-main-header-display":"","ast-hfb-above-header-display":"","ast-hfb-below-header-display":"","ast-hfb-mobile-header-display":"","site-post-title":"","ast-breadcrumbs-content":"","ast-featured-img":"","footer-sml-layout":"","theme-transparent-header-meta":"default","adv-header-id-meta":"","stick-header-meta":"","header-above-stick-meta":"","header-main-stick-meta":"","header-below-stick-meta":"","astra-migrate-meta-layouts":"set","ast-page-background-enabled":"default","ast-page-background-meta":{"desktop":{"background-color":"var(--ast-global-color-4)","background-image":"","background-repeat":"repeat","background-position":"center center","background-size":"auto","background-attachment":"scroll","background-type":"","background-media":"","overlay-type":"","overlay-color":"","overlay-gradient":""},"tablet":{"background-color":"","background-image":"","background-repeat":"repeat","background-position":"center center","background-size":"auto","background-attachment":"scroll","background-type":"","background-media":"","overlay-type":"","overlay-color":"","overlay-gradient":""},"mobile":{"background-color":"","background-image":"","background-repeat":"repeat","background-position":"center center","background-size":"auto","background-attachment":"scroll","background-type":"","background-media":"","overlay-type":"","overlay-color":"","overlay-gradient":""}},"ast-content-background-meta":{"desktop":{"background-color":"var(--ast-global-color-5)","background-image":"","background-repeat":"repeat","background-position":"center center","background-size":"auto","background-attachment":"scroll","background-type":"","background-media":"","overlay-type":"","overlay-color":"","overlay-gradient":""},"tablet":{"background-color":"var(--ast-global-color-5)","background-image":"","background-repeat":"repeat","background-position":"center center","background-size":"auto","background-attachment":"scroll","background-type":"","background-media":"","overlay-type":"","overlay-color":"","overlay-gradient":""},"mobile":{"background-color":"var(--ast-global-color-5)","background-image":"","background-repeat":"repeat","background-position":"center center","background-size":"auto","background-attachment":"scroll","background-type":"","background-media":"","overlay-type":"","overlay-color":"","overlay-gradient":""}}},"product_cat":[45],"product_tag":[],"yoast_head":"<!-- This site is optimized with the Yoast SEO Premium plugin v21.9 (Yoast SEO v21.9.1) - https:\/\/yoast.com\/wordpress\/plugins\/seo\/ -->\n<title>Vanilla Sky Brumes RP | Le Bar \u00e0 Parfum<\/title>\n<meta name=\"robots\" content=\"index, follow, max-snippet:-1, max-image-preview:large, max-video-preview:-1\" \/>\n<link rel=\"canonical\" href=\"https:\/\/lebaraparfum.fr\/?product=vanilla-sky-brumes-rp\" \/>\n<meta property=\"og:locale\" content=\"fr_FR\" \/>\n<meta property=\"og:type\" content=\"article\" \/>\n<meta property=\"og:title\" content=\"Vanilla Sky Brumes RP\" \/>\n<meta property=\"og:description\" content=\"L&#8217;exp\u00e9rience d&#8217;un parfum se transforme en une brume envo\u00fbtante. Parmi les nombreux avantages d&#8217;une brume, voici le plus essentiel : elle peut \u00eatre g\u00e9n\u00e9reusement pulv\u00e9ris\u00e9e sur la peau, en particulier sur la chevelure. Les cheveux, positionn\u00e9s sur la zone la plus chaude du corps, agissent comme des r\u00e9cepteurs olfactifs et des diffuseurs de fragrances. Des &hellip; Vanilla Sky Brumes RP Lire la suite\u00a0\u00bb\" \/>\n<meta property=\"og:url\" content=\"https:\/\/lebaraparfum.fr\/?product=vanilla-sky-brumes-rp\" \/>\n<meta property=\"og:site_name\" content=\"Le Bar \u00e0 Parfum\" \/>\n<meta property=\"article:modified_time\" content=\"2024-04-15T14:12:04+00:00\" \/>\n<meta property=\"og:image\" content=\"https:\/\/lebaraparfum.fr\/wp-content\/uploads\/2023\/12\/Brume-Parfumee-Vanilla-Sky-RP-Parfums-250-ml.jpg\" \/>\n\t<meta property=\"og:image:width\" content=\"1000\" \/>\n\t<meta property=\"og:image:height\" content=\"1000\" \/>\n\t<meta property=\"og:image:type\" content=\"image\/jpeg\" \/>\n<meta name=\"twitter:card\" content=\"summary_large_image\" \/>\n<meta name=\"twitter:label1\" content=\"Dur\u00e9e de lecture estim\u00e9e\" \/>\n\t<meta name=\"twitter:data1\" content=\"1 minute\" \/>\n<script type=\"application\/ld+json\" class=\"yoast-schema-graph\">{\"@context\":\"https:\/\/schema.org\",\"@graph\":[{\"@type\":\"WebPage\",\"@id\":\"https:\/\/lebaraparfum.fr\/?product=vanilla-sky-brumes-rp\",\"url\":\"https:\/\/lebaraparfum.fr\/?product=vanilla-sky-brumes-rp\",\"name\":\"Vanilla Sky Brumes RP | Le Bar \u00e0 Parfum\",\"isPartOf\":{\"@id\":\"https:\/\/lebaraparfum.fr\/#website\"},\"datePublished\":\"2023-12-02T01:14:57+00:00\",\"dateModified\":\"2024-04-15T14:12:04+00:00\",\"breadcrumb\":{\"@id\":\"https:\/\/lebaraparfum.fr\/?product=vanilla-sky-brumes-rp#breadcrumb\"},\"inLanguage\":\"fr-FR\",\"potentialAction\":[{\"@type\":\"ReadAction\",\"target\":[\"https:\/\/lebaraparfum.fr\/?product=vanilla-sky-brumes-rp\"]}]},{\"@type\":\"BreadcrumbList\",\"@id\":\"https:\/\/lebaraparfum.fr\/?product=vanilla-sky-brumes-rp#breadcrumb\",\"itemListElement\":[{\"@type\":\"ListItem\",\"position\":1,\"name\":\"Accueil\",\"item\":\"https:\/\/lebaraparfum.fr\/\"},{\"@type\":\"ListItem\",\"position\":2,\"name\":\"Shop\",\"item\":\"https:\/\/lebaraparfum.fr\/?page_id=1280\"},{\"@type\":\"ListItem\",\"position\":3,\"name\":\"Vanilla Sky Brumes RP\"}]},{\"@type\":\"WebSite\",\"@id\":\"https:\/\/lebaraparfum.fr\/#website\",\"url\":\"https:\/\/lebaraparfum.fr\/\",\"name\":\"Le Bar \u00e0 Parfum\",\"description\":\"\",\"publisher\":{\"@id\":\"https:\/\/lebaraparfum.fr\/#organization\"},\"alternateName\":\"Eau De Gamme\",\"potentialAction\":[{\"@type\":\"SearchAction\",\"target\":{\"@type\":\"EntryPoint\",\"urlTemplate\":\"https:\/\/lebaraparfum.fr\/?s={search_term_string}\"},\"query-input\":\"required name=search_term_string\"}],\"inLanguage\":\"fr-FR\"},{\"@type\":\"Organization\",\"@id\":\"https:\/\/lebaraparfum.fr\/#organization\",\"name\":\"Eau De Gamme\",\"url\":\"https:\/\/lebaraparfum.fr\/\",\"logo\":{\"@type\":\"ImageObject\",\"inLanguage\":\"fr-FR\",\"@id\":\"https:\/\/lebaraparfum.fr\/#\/schema\/logo\/image\/\",\"url\":\"https:\/\/lebaraparfum.fr\/wp-content\/uploads\/2024\/01\/cropped-logo.png\",\"contentUrl\":\"https:\/\/lebaraparfum.fr\/wp-content\/uploads\/2024\/01\/cropped-logo.png\",\"width\":512,\"height\":512,\"caption\":\"Eau De Gamme\"},\"image\":{\"@id\":\"https:\/\/lebaraparfum.fr\/#\/schema\/logo\/image\/\"},\"sameAs\":[\"https:\/\/www.instagram.com\/edg.orleans\/\"],\"actionableFeedbackPolicy\":\"https:\/\/lebaraparfum.fr\/?page_id=2631\"}]}<\/script>\n<!-- \/ Yoast SEO Premium plugin. -->","yoast_head_json":{"title":"Vanilla Sky Brumes RP | Le Bar \u00e0 Parfum","robots":{"index":"index","follow":"follow","max-snippet":"max-snippet:-1","max-image-preview":"max-image-preview:large","max-video-preview":"max-video-preview:-1"},"canonical":"https:\/\/lebaraparfum.fr\/?product=vanilla-sky-brumes-rp","og_locale":"fr_FR","og_type":"article","og_title":"Vanilla Sky Brumes RP","og_description":"L&#8217;exp\u00e9rience d&#8217;un parfum se transforme en une brume envo\u00fbtante. Parmi les nombreux avantages d&#8217;une brume, voici le plus essentiel : elle peut \u00eatre g\u00e9n\u00e9reusement pulv\u00e9ris\u00e9e sur la peau, en particulier sur la chevelure. Les cheveux, positionn\u00e9s sur la zone la plus chaude du corps, agissent comme des r\u00e9cepteurs olfactifs et des diffuseurs de fragrances. Des &hellip; Vanilla Sky Brumes RP Lire la suite\u00a0\u00bb","og_url":"https:\/\/lebaraparfum.fr\/?product=vanilla-sky-brumes-rp","og_site_name":"Le Bar \u00e0 Parfum","article_modified_time":"2024-04-15T14:12:04+00:00","og_image":[{"width":1000,"height":1000,"url":"https:\/\/lebaraparfum.fr\/wp-content\/uploads\/2023\/12\/Brume-Parfumee-Vanilla-Sky-RP-Parfums-250-ml.jpg","type":"image\/jpeg"}],"twitter_card":"summary_large_image","twitter_misc":{"Dur\u00e9e de lecture estim\u00e9e":"1 minute"},"schema":{"@context":"https:\/\/schema.org","@graph":[{"@type":"WebPage","@id":"https:\/\/lebaraparfum.fr\/?product=vanilla-sky-brumes-rp","url":"https:\/\/lebaraparfum.fr\/?product=vanilla-sky-brumes-rp","name":"Vanilla Sky Brumes RP | Le Bar \u00e0 Parfum","isPartOf":{"@id":"https:\/\/lebaraparfum.fr\/#website"},"datePublished":"2023-12-02T01:14:57+00:00","dateModified":"2024-04-15T14:12:04+00:00","breadcrumb":{"@id":"https:\/\/lebaraparfum.fr\/?product=vanilla-sky-brumes-rp#breadcrumb"},"inLanguage":"fr-FR","potentialAction":[{"@type":"ReadAction","target":["https:\/\/lebaraparfum.fr\/?product=vanilla-sky-brumes-rp"]}]},{"@type":"BreadcrumbList","@id":"https:\/\/lebaraparfum.fr\/?product=vanilla-sky-brumes-rp#breadcrumb","itemListElement":[{"@type":"ListItem","position":1,"name":"Accueil","item":"https:\/\/lebaraparfum.fr\/"},{"@type":"ListItem","position":2,"name":"Shop","item":"https:\/\/lebaraparfum.fr\/?page_id=1280"},{"@type":"ListItem","position":3,"name":"Vanilla Sky Brumes RP"}]},{"@type":"WebSite","@id":"https:\/\/lebaraparfum.fr\/#website","url":"https:\/\/lebaraparfum.fr\/","name":"Le Bar \u00e0 Parfum","description":"","publisher":{"@id":"https:\/\/lebaraparfum.fr\/#organization"},"alternateName":"Eau De Gamme","potentialAction":[{"@type":"SearchAction","target":{"@type":"EntryPoint","urlTemplate":"https:\/\/lebaraparfum.fr\/?s={search_term_string}"},"query-input":"required name=search_term_string"}],"inLanguage":"fr-FR"},{"@type":"Organization","@id":"https:\/\/lebaraparfum.fr\/#organization","name":"Eau De Gamme","url":"https:\/\/lebaraparfum.fr\/","logo":{"@type":"ImageObject","inLanguage":"fr-FR","@id":"https:\/\/lebaraparfum.fr\/#\/schema\/logo\/image\/","url":"https:\/\/lebaraparfum.fr\/wp-content\/uploads\/2024\/01\/cropped-logo.png","contentUrl":"https:\/\/lebaraparfum.fr\/wp-content\/uploads\/2024\/01\/cropped-logo.png","width":512,"height":512,"caption":"Eau De Gamme"},"image":{"@id":"https:\/\/lebaraparfum.fr\/#\/schema\/logo\/image\/"},"sameAs":["https:\/\/www.instagram.com\/edg.orleans\/"],"actionableFeedbackPolicy":"https:\/\/lebaraparfum.fr\/?page_id=2631"}]}},"_links":{"self":[{"href":"https:\/\/lebaraparfum.fr\/index.php?rest_route=\/wp\/v2\/product\/1882"}],"collection":[{"href":"https:\/\/lebaraparfum.fr\/index.php?rest_route=\/wp\/v2\/product"}],"about":[{"href":"https:\/\/lebaraparfum.fr\/index.php?rest_route=\/wp\/v2\/types\/product"}],"replies":[{"embeddable":true,"href":"https:\/\/lebaraparfum.fr\/index.php?rest_route=%2Fwp%2Fv2%2Fcomments&post=1882"}],"version-history":[{"count":1,"href":"https:\/\/lebaraparfum.fr\/index.php?rest_route=\/wp\/v2\/product\/1882\/revisions"}],"predecessor-version":[{"id":1884,"href":"https:\/\/lebaraparfum.fr\/index.php?rest_route=\/wp\/v2\/product\/1882\/revisions\/1884"}],"wp:featuredmedia":[{"embeddable":true,"href":"https:\/\/lebaraparfum.fr\/index.php?rest_route=\/wp\/v2\/media\/1883"}],"wp:attachment":[{"href":"https:\/\/lebaraparfum.fr\/index.php?rest_route=%2Fwp%2Fv2%2Fmedia&parent=1882"}],"wp:term":[{"taxonomy":"product_cat","embeddable":true,"href":"https:\/\/lebaraparfum.fr\/index.php?rest_route=%2Fwp%2Fv2%2Fproduct_cat&post=1882"},{"taxonomy":"product_tag","embeddable":true,"href":"https:\/\/lebaraparfum.fr\/index.php?rest_route=%2Fwp%2Fv2%2Fproduct_tag&post=1882"}],"curies":[{"name":"wp","href":"https:\/\/api.w.org\/{rel}","templated":true}]}}