{"id":2235,"date":"2023-12-03T17:52:15","date_gmt":"2023-12-03T16:52:15","guid":{"rendered":"https:\/\/lebaraparfum.fr\/?post_type=product&#038;p=2235"},"modified":"2025-12-07T09:45:19","modified_gmt":"2025-12-07T08:45:19","slug":"francique-63-55-parfum-80ml","status":"publish","type":"product","link":"https:\/\/lebaraparfum.fr\/?product=francique-63-55-parfum-80ml","title":{"rendered":"Francique 63.55 Parfum 80ml"},"content":{"rendered":"<p>Francique 63.55 (BDK Gris Charnel) \u00e9voque le premier tome d&#8217;une trilogie olfactive empreinte d&#8217;originalit\u00e9, de sensualit\u00e9 et de libert\u00e9. Ce parfum renferme le secret que nous ch\u00e9rissons d\u00e9j\u00e0, mais magnifi\u00e9 et sublim\u00e9 de mani\u00e8re singuli\u00e8re.<\/p>\n<p>Les notes initiales qui inauguraient le premier chapitre &#8211; une harmonie de cardamome, de th\u00e9 noir et de figue &#8211; \u00e9voluent vers un accord bois\u00e9 profond et envo\u00fbtant. Son ambiance opulente complexifie les touches romantiques du bois de santal et de la f\u00e8ve tonka, conf\u00e9rant au c\u0153ur une chaleur et une texture tangibles.<\/p>\n<p>Cependant, c&#8217;est la conclusion qui donne v\u00e9ritablement naissance \u00e0 cette fragrance unique. La vanille cr\u00e9e une tra\u00een\u00e9e luxuriante, confortable et enveloppante. Il s&#8217;agit d&#8217;une d\u00e9claration olfactive d&#8217;amour, pr\u00e9sent\u00e9e dans un emballage au design \u00e9l\u00e9gant et sophistiqu\u00e9.<\/p>\n<p>Francique 63.55 (BDK Gris Charnel) transcende le simple concept d&#8217;ar\u00f4me. C&#8217;est le r\u00e9cit en perp\u00e9tuelle r\u00e9\u00e9criture de votre personnalit\u00e9. Laissez ce parfum devenir une partie int\u00e9grante de votre histoire et d\u00e9cidez du prochain chapitre \u00e0 \u00e9crire. Ce type de description produit ne se contente pas de fournir des informations, il cr\u00e9e un r\u00e9cit engageant qui permet au lecteur de s&#8217;immerger dans l&#8217;exp\u00e9rience sensorielle et \u00e9motionnelle du parfum, \u00e9tablissant ainsi un lien profond entre le produit et le consommateur potentiel.<\/p>\n","protected":false},"excerpt":{"rendered":"<p>Francique 63.55 (BDK Gris Charnel) \u00e9voque le premier tome d&#8217;une trilogie olfactive empreinte d&#8217;originalit\u00e9, de sensualit\u00e9 et de libert\u00e9. Ce parfum renferme le secret que nous ch\u00e9rissons d\u00e9j\u00e0, mais magnifi\u00e9 et sublim\u00e9 de mani\u00e8re singuli\u00e8re. Les notes initiales qui inauguraient le premier chapitre &#8211; une harmonie de cardamome, de th\u00e9 noir et de figue &#8211; &hellip;<\/p>\n<p class=\"read-more\"> <a class=\"\" href=\"https:\/\/lebaraparfum.fr\/?product=francique-63-55-parfum-80ml\"> <span class=\"screen-reader-text\">Francique 63.55 Parfum 80ml<\/span> Lire la suite\u00a0\u00bb<\/a><\/p>\n","protected":false},"featured_media":2288,"comment_status":"open","ping_status":"closed","template":"","meta":{"_monsterinsights_skip_tracking":false,"_monsterinsights_sitenote_active":false,"_monsterinsights_sitenote_note":"","_monsterinsights_sitenote_category":0,"site-sidebar-layout":"default","site-content-layout":"","ast-site-content-layout":"default","site-content-style":"default","site-sidebar-style":"default","ast-global-header-display":"","ast-banner-title-visibility":"","ast-main-header-display":"","ast-hfb-above-header-display":"","ast-hfb-below-header-display":"","ast-hfb-mobile-header-display":"","site-post-title":"","ast-breadcrumbs-content":"","ast-featured-img":"","footer-sml-layout":"","theme-transparent-header-meta":"default","adv-header-id-meta":"","stick-header-meta":"","header-above-stick-meta":"","header-main-stick-meta":"","header-below-stick-meta":"","astra-migrate-meta-layouts":"set","ast-page-background-enabled":"default","ast-page-background-meta":{"desktop":{"background-color":"var(--ast-global-color-4)","background-image":"","background-repeat":"repeat","background-position":"center center","background-size":"auto","background-attachment":"scroll","background-type":"","background-media":"","overlay-type":"","overlay-color":"","overlay-gradient":""},"tablet":{"background-color":"","background-image":"","background-repeat":"repeat","background-position":"center center","background-size":"auto","background-attachment":"scroll","background-type":"","background-media":"","overlay-type":"","overlay-color":"","overlay-gradient":""},"mobile":{"background-color":"","background-image":"","background-repeat":"repeat","background-position":"center center","background-size":"auto","background-attachment":"scroll","background-type":"","background-media":"","overlay-type":"","overlay-color":"","overlay-gradient":""}},"ast-content-background-meta":{"desktop":{"background-color":"var(--ast-global-color-5)","background-image":"","background-repeat":"repeat","background-position":"center center","background-size":"auto","background-attachment":"scroll","background-type":"","background-media":"","overlay-type":"","overlay-color":"","overlay-gradient":""},"tablet":{"background-color":"var(--ast-global-color-5)","background-image":"","background-repeat":"repeat","background-position":"center center","background-size":"auto","background-attachment":"scroll","background-type":"","background-media":"","overlay-type":"","overlay-color":"","overlay-gradient":""},"mobile":{"background-color":"var(--ast-global-color-5)","background-image":"","background-repeat":"repeat","background-position":"center center","background-size":"auto","background-attachment":"scroll","background-type":"","background-media":"","overlay-type":"","overlay-color":"","overlay-gradient":""}}},"product_cat":[47],"product_tag":[],"yoast_head":"<!-- This site is optimized with the Yoast SEO Premium plugin v21.9 (Yoast SEO v21.9.1) - https:\/\/yoast.com\/wordpress\/plugins\/seo\/ -->\n<title>Francique 63.55 Parfum 80ml | Le Bar \u00e0 Parfum<\/title>\n<meta name=\"robots\" content=\"index, follow, max-snippet:-1, max-image-preview:large, max-video-preview:-1\" \/>\n<link rel=\"canonical\" href=\"https:\/\/lebaraparfum.fr\/?product=francique-63-55-parfum-80ml\" \/>\n<meta property=\"og:locale\" content=\"fr_FR\" \/>\n<meta property=\"og:type\" content=\"article\" \/>\n<meta property=\"og:title\" content=\"Francique 63.55 Parfum 80ml\" \/>\n<meta property=\"og:description\" content=\"Francique 63.55 (BDK Gris Charnel) \u00e9voque le premier tome d&#8217;une trilogie olfactive empreinte d&#8217;originalit\u00e9, de sensualit\u00e9 et de libert\u00e9. Ce parfum renferme le secret que nous ch\u00e9rissons d\u00e9j\u00e0, mais magnifi\u00e9 et sublim\u00e9 de mani\u00e8re singuli\u00e8re. Les notes initiales qui inauguraient le premier chapitre &#8211; une harmonie de cardamome, de th\u00e9 noir et de figue &#8211; &hellip; Francique 63.55 Parfum 80ml Lire la suite\u00a0\u00bb\" \/>\n<meta property=\"og:url\" content=\"https:\/\/lebaraparfum.fr\/?product=francique-63-55-parfum-80ml\" \/>\n<meta property=\"og:site_name\" content=\"Le Bar \u00e0 Parfum\" \/>\n<meta property=\"article:modified_time\" content=\"2025-12-07T08:45:19+00:00\" \/>\n<meta property=\"og:image\" content=\"http:\/\/lebaraparfum.fr\/wp-content\/uploads\/2023\/12\/francique03-scaled.jpg\" \/>\n\t<meta property=\"og:image:width\" content=\"2560\" \/>\n\t<meta property=\"og:image:height\" content=\"2560\" \/>\n\t<meta property=\"og:image:type\" content=\"image\/jpeg\" \/>\n<meta name=\"twitter:card\" content=\"summary_large_image\" \/>\n<meta name=\"twitter:label1\" content=\"Dur\u00e9e de lecture estim\u00e9e\" \/>\n\t<meta name=\"twitter:data1\" content=\"1 minute\" \/>\n<script type=\"application\/ld+json\" class=\"yoast-schema-graph\">{\"@context\":\"https:\/\/schema.org\",\"@graph\":[{\"@type\":\"WebPage\",\"@id\":\"https:\/\/lebaraparfum.fr\/?product=francique-63-55-parfum-80ml\",\"url\":\"https:\/\/lebaraparfum.fr\/?product=francique-63-55-parfum-80ml\",\"name\":\"Francique 63.55 Parfum 80ml | Le Bar \u00e0 Parfum\",\"isPartOf\":{\"@id\":\"https:\/\/lebaraparfum.fr\/#website\"},\"datePublished\":\"2023-12-03T16:52:15+00:00\",\"dateModified\":\"2025-12-07T08:45:19+00:00\",\"breadcrumb\":{\"@id\":\"https:\/\/lebaraparfum.fr\/?product=francique-63-55-parfum-80ml#breadcrumb\"},\"inLanguage\":\"fr-FR\",\"potentialAction\":[{\"@type\":\"ReadAction\",\"target\":[\"https:\/\/lebaraparfum.fr\/?product=francique-63-55-parfum-80ml\"]}]},{\"@type\":\"BreadcrumbList\",\"@id\":\"https:\/\/lebaraparfum.fr\/?product=francique-63-55-parfum-80ml#breadcrumb\",\"itemListElement\":[{\"@type\":\"ListItem\",\"position\":1,\"name\":\"Accueil\",\"item\":\"https:\/\/lebaraparfum.fr\/\"},{\"@type\":\"ListItem\",\"position\":2,\"name\":\"Shop\",\"item\":\"https:\/\/lebaraparfum.fr\/?page_id=1280\"},{\"@type\":\"ListItem\",\"position\":3,\"name\":\"Francique 63.55 Parfum 80ml\"}]},{\"@type\":\"WebSite\",\"@id\":\"https:\/\/lebaraparfum.fr\/#website\",\"url\":\"https:\/\/lebaraparfum.fr\/\",\"name\":\"Le Bar \u00e0 Parfum\",\"description\":\"\",\"publisher\":{\"@id\":\"https:\/\/lebaraparfum.fr\/#organization\"},\"alternateName\":\"Eau De Gamme\",\"potentialAction\":[{\"@type\":\"SearchAction\",\"target\":{\"@type\":\"EntryPoint\",\"urlTemplate\":\"https:\/\/lebaraparfum.fr\/?s={search_term_string}\"},\"query-input\":\"required name=search_term_string\"}],\"inLanguage\":\"fr-FR\"},{\"@type\":\"Organization\",\"@id\":\"https:\/\/lebaraparfum.fr\/#organization\",\"name\":\"Eau De Gamme\",\"url\":\"https:\/\/lebaraparfum.fr\/\",\"logo\":{\"@type\":\"ImageObject\",\"inLanguage\":\"fr-FR\",\"@id\":\"https:\/\/lebaraparfum.fr\/#\/schema\/logo\/image\/\",\"url\":\"https:\/\/lebaraparfum.fr\/wp-content\/uploads\/2024\/01\/cropped-logo.png\",\"contentUrl\":\"https:\/\/lebaraparfum.fr\/wp-content\/uploads\/2024\/01\/cropped-logo.png\",\"width\":512,\"height\":512,\"caption\":\"Eau De Gamme\"},\"image\":{\"@id\":\"https:\/\/lebaraparfum.fr\/#\/schema\/logo\/image\/\"},\"sameAs\":[\"https:\/\/www.instagram.com\/edg.orleans\/\"],\"actionableFeedbackPolicy\":\"https:\/\/lebaraparfum.fr\/?page_id=2631\"}]}<\/script>\n<!-- \/ Yoast SEO Premium plugin. -->","yoast_head_json":{"title":"Francique 63.55 Parfum 80ml | Le Bar \u00e0 Parfum","robots":{"index":"index","follow":"follow","max-snippet":"max-snippet:-1","max-image-preview":"max-image-preview:large","max-video-preview":"max-video-preview:-1"},"canonical":"https:\/\/lebaraparfum.fr\/?product=francique-63-55-parfum-80ml","og_locale":"fr_FR","og_type":"article","og_title":"Francique 63.55 Parfum 80ml","og_description":"Francique 63.55 (BDK Gris Charnel) \u00e9voque le premier tome d&#8217;une trilogie olfactive empreinte d&#8217;originalit\u00e9, de sensualit\u00e9 et de libert\u00e9. Ce parfum renferme le secret que nous ch\u00e9rissons d\u00e9j\u00e0, mais magnifi\u00e9 et sublim\u00e9 de mani\u00e8re singuli\u00e8re. Les notes initiales qui inauguraient le premier chapitre &#8211; une harmonie de cardamome, de th\u00e9 noir et de figue &#8211; &hellip; Francique 63.55 Parfum 80ml Lire la suite\u00a0\u00bb","og_url":"https:\/\/lebaraparfum.fr\/?product=francique-63-55-parfum-80ml","og_site_name":"Le Bar \u00e0 Parfum","article_modified_time":"2025-12-07T08:45:19+00:00","og_image":[{"width":2560,"height":2560,"url":"http:\/\/lebaraparfum.fr\/wp-content\/uploads\/2023\/12\/francique03-scaled.jpg","type":"image\/jpeg"}],"twitter_card":"summary_large_image","twitter_misc":{"Dur\u00e9e de lecture estim\u00e9e":"1 minute"},"schema":{"@context":"https:\/\/schema.org","@graph":[{"@type":"WebPage","@id":"https:\/\/lebaraparfum.fr\/?product=francique-63-55-parfum-80ml","url":"https:\/\/lebaraparfum.fr\/?product=francique-63-55-parfum-80ml","name":"Francique 63.55 Parfum 80ml | Le Bar \u00e0 Parfum","isPartOf":{"@id":"https:\/\/lebaraparfum.fr\/#website"},"datePublished":"2023-12-03T16:52:15+00:00","dateModified":"2025-12-07T08:45:19+00:00","breadcrumb":{"@id":"https:\/\/lebaraparfum.fr\/?product=francique-63-55-parfum-80ml#breadcrumb"},"inLanguage":"fr-FR","potentialAction":[{"@type":"ReadAction","target":["https:\/\/lebaraparfum.fr\/?product=francique-63-55-parfum-80ml"]}]},{"@type":"BreadcrumbList","@id":"https:\/\/lebaraparfum.fr\/?product=francique-63-55-parfum-80ml#breadcrumb","itemListElement":[{"@type":"ListItem","position":1,"name":"Accueil","item":"https:\/\/lebaraparfum.fr\/"},{"@type":"ListItem","position":2,"name":"Shop","item":"https:\/\/lebaraparfum.fr\/?page_id=1280"},{"@type":"ListItem","position":3,"name":"Francique 63.55 Parfum 80ml"}]},{"@type":"WebSite","@id":"https:\/\/lebaraparfum.fr\/#website","url":"https:\/\/lebaraparfum.fr\/","name":"Le Bar \u00e0 Parfum","description":"","publisher":{"@id":"https:\/\/lebaraparfum.fr\/#organization"},"alternateName":"Eau De Gamme","potentialAction":[{"@type":"SearchAction","target":{"@type":"EntryPoint","urlTemplate":"https:\/\/lebaraparfum.fr\/?s={search_term_string}"},"query-input":"required name=search_term_string"}],"inLanguage":"fr-FR"},{"@type":"Organization","@id":"https:\/\/lebaraparfum.fr\/#organization","name":"Eau De Gamme","url":"https:\/\/lebaraparfum.fr\/","logo":{"@type":"ImageObject","inLanguage":"fr-FR","@id":"https:\/\/lebaraparfum.fr\/#\/schema\/logo\/image\/","url":"https:\/\/lebaraparfum.fr\/wp-content\/uploads\/2024\/01\/cropped-logo.png","contentUrl":"https:\/\/lebaraparfum.fr\/wp-content\/uploads\/2024\/01\/cropped-logo.png","width":512,"height":512,"caption":"Eau De Gamme"},"image":{"@id":"https:\/\/lebaraparfum.fr\/#\/schema\/logo\/image\/"},"sameAs":["https:\/\/www.instagram.com\/edg.orleans\/"],"actionableFeedbackPolicy":"https:\/\/lebaraparfum.fr\/?page_id=2631"}]}},"_links":{"self":[{"href":"https:\/\/lebaraparfum.fr\/index.php?rest_route=\/wp\/v2\/product\/2235"}],"collection":[{"href":"https:\/\/lebaraparfum.fr\/index.php?rest_route=\/wp\/v2\/product"}],"about":[{"href":"https:\/\/lebaraparfum.fr\/index.php?rest_route=\/wp\/v2\/types\/product"}],"replies":[{"embeddable":true,"href":"https:\/\/lebaraparfum.fr\/index.php?rest_route=%2Fwp%2Fv2%2Fcomments&post=2235"}],"version-history":[{"count":1,"href":"https:\/\/lebaraparfum.fr\/index.php?rest_route=\/wp\/v2\/product\/2235\/revisions"}],"predecessor-version":[{"id":2237,"href":"https:\/\/lebaraparfum.fr\/index.php?rest_route=\/wp\/v2\/product\/2235\/revisions\/2237"}],"wp:featuredmedia":[{"embeddable":true,"href":"https:\/\/lebaraparfum.fr\/index.php?rest_route=\/wp\/v2\/media\/2288"}],"wp:attachment":[{"href":"https:\/\/lebaraparfum.fr\/index.php?rest_route=%2Fwp%2Fv2%2Fmedia&parent=2235"}],"wp:term":[{"taxonomy":"product_cat","embeddable":true,"href":"https:\/\/lebaraparfum.fr\/index.php?rest_route=%2Fwp%2Fv2%2Fproduct_cat&post=2235"},{"taxonomy":"product_tag","embeddable":true,"href":"https:\/\/lebaraparfum.fr\/index.php?rest_route=%2Fwp%2Fv2%2Fproduct_tag&post=2235"}],"curies":[{"name":"wp","href":"https:\/\/api.w.org\/{rel}","templated":true}]}}