{"id":2238,"date":"2023-12-03T18:10:12","date_gmt":"2023-12-03T17:10:12","guid":{"rendered":"https:\/\/lebaraparfum.fr\/?post_type=product&#038;p=2238"},"modified":"2025-12-07T09:46:20","modified_gmt":"2025-12-07T08:46:20","slug":"khamrah-lattafa-parfum-100ml","status":"publish","type":"product","link":"https:\/\/lebaraparfum.fr\/?product=khamrah-lattafa-parfum-100ml","title":{"rendered":"Khamrah Lattafa Parfum 100ml"},"content":{"rendered":"<p>KHAMRAH, un parfum sucr\u00e9 et envo\u00fbtant, vous convie \u00e0 une exploration sensorielle captivante.<\/p>\n<p>D\u00e8s les premi\u00e8res effluves, la bergamote rafra\u00eechissante s&#8217;entrelace d\u00e9licatement avec la douceur des dattes, \u00e9veillant les sens.<\/p>\n<p>Au c\u0153ur de cette composition, se d\u00e9voile un m\u00e9lange oriental harmonieux de cannelle et de noix de muscade, sublim\u00e9 par la pr\u00e9sence envo\u00fbtante de la tub\u00e9reuse.<\/p>\n<p>En notes de fond, la s\u00e9duction atteint son apog\u00e9e : un accord gourmand de vanille et de pralin\u00e9, une \u00e9treinte d\u00e9licate de f\u00e8ve de tonka, et l&#8217;\u00e9nigme envo\u00fbtante de la myrrhe et de l&#8217;Ambre Wood.<\/p>\n<p>KHAMRAH, bien plus qu&#8217;un simple parfum, constitue un hommage vibrant \u00e0 l&#8217;exotisme, \u00e0 la beaut\u00e9 et \u00e0 la diversit\u00e9.<\/p>\n<p>Laissez-vous emporter par ce p\u00e9riple olfactif exquis !<\/p>\n","protected":false},"excerpt":{"rendered":"<p>KHAMRAH, un parfum sucr\u00e9 et envo\u00fbtant, vous convie \u00e0 une exploration sensorielle captivante. D\u00e8s les premi\u00e8res effluves, la bergamote rafra\u00eechissante s&#8217;entrelace d\u00e9licatement avec la douceur des dattes, \u00e9veillant les sens. Au c\u0153ur de cette composition, se d\u00e9voile un m\u00e9lange oriental harmonieux de cannelle et de noix de muscade, sublim\u00e9 par la pr\u00e9sence envo\u00fbtante de la &hellip;<\/p>\n<p class=\"read-more\"> <a class=\"\" href=\"https:\/\/lebaraparfum.fr\/?product=khamrah-lattafa-parfum-100ml\"> <span class=\"screen-reader-text\">Khamrah Lattafa Parfum 100ml<\/span> Lire la suite\u00a0\u00bb<\/a><\/p>\n","protected":false},"featured_media":1683,"comment_status":"open","ping_status":"closed","template":"","meta":{"_monsterinsights_skip_tracking":false,"_monsterinsights_sitenote_active":false,"_monsterinsights_sitenote_note":"","_monsterinsights_sitenote_category":0,"site-sidebar-layout":"default","site-content-layout":"","ast-site-content-layout":"default","site-content-style":"default","site-sidebar-style":"default","ast-global-header-display":"","ast-banner-title-visibility":"","ast-main-header-display":"","ast-hfb-above-header-display":"","ast-hfb-below-header-display":"","ast-hfb-mobile-header-display":"","site-post-title":"","ast-breadcrumbs-content":"","ast-featured-img":"","footer-sml-layout":"","theme-transparent-header-meta":"default","adv-header-id-meta":"","stick-header-meta":"","header-above-stick-meta":"","header-main-stick-meta":"","header-below-stick-meta":"","astra-migrate-meta-layouts":"set","ast-page-background-enabled":"default","ast-page-background-meta":{"desktop":{"background-color":"var(--ast-global-color-4)","background-image":"","background-repeat":"repeat","background-position":"center center","background-size":"auto","background-attachment":"scroll","background-type":"","background-media":"","overlay-type":"","overlay-color":"","overlay-gradient":""},"tablet":{"background-color":"","background-image":"","background-repeat":"repeat","background-position":"center center","background-size":"auto","background-attachment":"scroll","background-type":"","background-media":"","overlay-type":"","overlay-color":"","overlay-gradient":""},"mobile":{"background-color":"","background-image":"","background-repeat":"repeat","background-position":"center center","background-size":"auto","background-attachment":"scroll","background-type":"","background-media":"","overlay-type":"","overlay-color":"","overlay-gradient":""}},"ast-content-background-meta":{"desktop":{"background-color":"var(--ast-global-color-5)","background-image":"","background-repeat":"repeat","background-position":"center center","background-size":"auto","background-attachment":"scroll","background-type":"","background-media":"","overlay-type":"","overlay-color":"","overlay-gradient":""},"tablet":{"background-color":"var(--ast-global-color-5)","background-image":"","background-repeat":"repeat","background-position":"center center","background-size":"auto","background-attachment":"scroll","background-type":"","background-media":"","overlay-type":"","overlay-color":"","overlay-gradient":""},"mobile":{"background-color":"var(--ast-global-color-5)","background-image":"","background-repeat":"repeat","background-position":"center center","background-size":"auto","background-attachment":"scroll","background-type":"","background-media":"","overlay-type":"","overlay-color":"","overlay-gradient":""}}},"product_cat":[15,47],"product_tag":[],"yoast_head":"<!-- This site is optimized with the Yoast SEO Premium plugin v21.9 (Yoast SEO v21.9.1) - https:\/\/yoast.com\/wordpress\/plugins\/seo\/ -->\n<title>Khamrah Lattafa Parfum 100ml | Le Bar \u00e0 Parfum<\/title>\n<meta name=\"robots\" content=\"index, follow, max-snippet:-1, max-image-preview:large, max-video-preview:-1\" \/>\n<link rel=\"canonical\" href=\"https:\/\/lebaraparfum.fr\/?product=khamrah-lattafa-parfum-100ml\" \/>\n<meta property=\"og:locale\" content=\"fr_FR\" \/>\n<meta property=\"og:type\" content=\"article\" \/>\n<meta property=\"og:title\" content=\"Khamrah Lattafa Parfum 100ml\" \/>\n<meta property=\"og:description\" content=\"KHAMRAH, un parfum sucr\u00e9 et envo\u00fbtant, vous convie \u00e0 une exploration sensorielle captivante. D\u00e8s les premi\u00e8res effluves, la bergamote rafra\u00eechissante s&#8217;entrelace d\u00e9licatement avec la douceur des dattes, \u00e9veillant les sens. Au c\u0153ur de cette composition, se d\u00e9voile un m\u00e9lange oriental harmonieux de cannelle et de noix de muscade, sublim\u00e9 par la pr\u00e9sence envo\u00fbtante de la &hellip; Khamrah Lattafa Parfum 100ml Lire la suite\u00a0\u00bb\" \/>\n<meta property=\"og:url\" content=\"https:\/\/lebaraparfum.fr\/?product=khamrah-lattafa-parfum-100ml\" \/>\n<meta property=\"og:site_name\" content=\"Le Bar \u00e0 Parfum\" \/>\n<meta property=\"article:modified_time\" content=\"2025-12-07T08:46:20+00:00\" \/>\n<meta property=\"og:image\" content=\"http:\/\/lebaraparfum.fr\/wp-content\/uploads\/2023\/11\/TL_05004-Avec-accentuation-Bruit-copie-1024x1024.jpg\" \/>\n\t<meta property=\"og:image:width\" content=\"1024\" \/>\n\t<meta property=\"og:image:height\" content=\"1024\" \/>\n\t<meta property=\"og:image:type\" content=\"image\/jpeg\" \/>\n<meta name=\"twitter:card\" content=\"summary_large_image\" \/>\n<meta name=\"twitter:label1\" content=\"Dur\u00e9e de lecture estim\u00e9e\" \/>\n\t<meta name=\"twitter:data1\" content=\"1 minute\" \/>\n<script type=\"application\/ld+json\" class=\"yoast-schema-graph\">{\"@context\":\"https:\/\/schema.org\",\"@graph\":[{\"@type\":\"WebPage\",\"@id\":\"https:\/\/lebaraparfum.fr\/?product=khamrah-lattafa-parfum-100ml\",\"url\":\"https:\/\/lebaraparfum.fr\/?product=khamrah-lattafa-parfum-100ml\",\"name\":\"Khamrah Lattafa Parfum 100ml | Le Bar \u00e0 Parfum\",\"isPartOf\":{\"@id\":\"https:\/\/lebaraparfum.fr\/#website\"},\"datePublished\":\"2023-12-03T17:10:12+00:00\",\"dateModified\":\"2025-12-07T08:46:20+00:00\",\"breadcrumb\":{\"@id\":\"https:\/\/lebaraparfum.fr\/?product=khamrah-lattafa-parfum-100ml#breadcrumb\"},\"inLanguage\":\"fr-FR\",\"potentialAction\":[{\"@type\":\"ReadAction\",\"target\":[\"https:\/\/lebaraparfum.fr\/?product=khamrah-lattafa-parfum-100ml\"]}]},{\"@type\":\"BreadcrumbList\",\"@id\":\"https:\/\/lebaraparfum.fr\/?product=khamrah-lattafa-parfum-100ml#breadcrumb\",\"itemListElement\":[{\"@type\":\"ListItem\",\"position\":1,\"name\":\"Accueil\",\"item\":\"https:\/\/lebaraparfum.fr\/\"},{\"@type\":\"ListItem\",\"position\":2,\"name\":\"Shop\",\"item\":\"https:\/\/lebaraparfum.fr\/?page_id=1280\"},{\"@type\":\"ListItem\",\"position\":3,\"name\":\"Khamrah Lattafa Parfum 100ml\"}]},{\"@type\":\"WebSite\",\"@id\":\"https:\/\/lebaraparfum.fr\/#website\",\"url\":\"https:\/\/lebaraparfum.fr\/\",\"name\":\"Le Bar \u00e0 Parfum\",\"description\":\"\",\"publisher\":{\"@id\":\"https:\/\/lebaraparfum.fr\/#organization\"},\"alternateName\":\"Eau De Gamme\",\"potentialAction\":[{\"@type\":\"SearchAction\",\"target\":{\"@type\":\"EntryPoint\",\"urlTemplate\":\"https:\/\/lebaraparfum.fr\/?s={search_term_string}\"},\"query-input\":\"required name=search_term_string\"}],\"inLanguage\":\"fr-FR\"},{\"@type\":\"Organization\",\"@id\":\"https:\/\/lebaraparfum.fr\/#organization\",\"name\":\"Eau De Gamme\",\"url\":\"https:\/\/lebaraparfum.fr\/\",\"logo\":{\"@type\":\"ImageObject\",\"inLanguage\":\"fr-FR\",\"@id\":\"https:\/\/lebaraparfum.fr\/#\/schema\/logo\/image\/\",\"url\":\"https:\/\/lebaraparfum.fr\/wp-content\/uploads\/2024\/01\/cropped-logo.png\",\"contentUrl\":\"https:\/\/lebaraparfum.fr\/wp-content\/uploads\/2024\/01\/cropped-logo.png\",\"width\":512,\"height\":512,\"caption\":\"Eau De Gamme\"},\"image\":{\"@id\":\"https:\/\/lebaraparfum.fr\/#\/schema\/logo\/image\/\"},\"sameAs\":[\"https:\/\/www.instagram.com\/edg.orleans\/\"],\"actionableFeedbackPolicy\":\"https:\/\/lebaraparfum.fr\/?page_id=2631\"}]}<\/script>\n<!-- \/ Yoast SEO Premium plugin. -->","yoast_head_json":{"title":"Khamrah Lattafa Parfum 100ml | Le Bar \u00e0 Parfum","robots":{"index":"index","follow":"follow","max-snippet":"max-snippet:-1","max-image-preview":"max-image-preview:large","max-video-preview":"max-video-preview:-1"},"canonical":"https:\/\/lebaraparfum.fr\/?product=khamrah-lattafa-parfum-100ml","og_locale":"fr_FR","og_type":"article","og_title":"Khamrah Lattafa Parfum 100ml","og_description":"KHAMRAH, un parfum sucr\u00e9 et envo\u00fbtant, vous convie \u00e0 une exploration sensorielle captivante. D\u00e8s les premi\u00e8res effluves, la bergamote rafra\u00eechissante s&#8217;entrelace d\u00e9licatement avec la douceur des dattes, \u00e9veillant les sens. Au c\u0153ur de cette composition, se d\u00e9voile un m\u00e9lange oriental harmonieux de cannelle et de noix de muscade, sublim\u00e9 par la pr\u00e9sence envo\u00fbtante de la &hellip; Khamrah Lattafa Parfum 100ml Lire la suite\u00a0\u00bb","og_url":"https:\/\/lebaraparfum.fr\/?product=khamrah-lattafa-parfum-100ml","og_site_name":"Le Bar \u00e0 Parfum","article_modified_time":"2025-12-07T08:46:20+00:00","og_image":[{"width":1024,"height":1024,"url":"http:\/\/lebaraparfum.fr\/wp-content\/uploads\/2023\/11\/TL_05004-Avec-accentuation-Bruit-copie-1024x1024.jpg","type":"image\/jpeg"}],"twitter_card":"summary_large_image","twitter_misc":{"Dur\u00e9e de lecture estim\u00e9e":"1 minute"},"schema":{"@context":"https:\/\/schema.org","@graph":[{"@type":"WebPage","@id":"https:\/\/lebaraparfum.fr\/?product=khamrah-lattafa-parfum-100ml","url":"https:\/\/lebaraparfum.fr\/?product=khamrah-lattafa-parfum-100ml","name":"Khamrah Lattafa Parfum 100ml | Le Bar \u00e0 Parfum","isPartOf":{"@id":"https:\/\/lebaraparfum.fr\/#website"},"datePublished":"2023-12-03T17:10:12+00:00","dateModified":"2025-12-07T08:46:20+00:00","breadcrumb":{"@id":"https:\/\/lebaraparfum.fr\/?product=khamrah-lattafa-parfum-100ml#breadcrumb"},"inLanguage":"fr-FR","potentialAction":[{"@type":"ReadAction","target":["https:\/\/lebaraparfum.fr\/?product=khamrah-lattafa-parfum-100ml"]}]},{"@type":"BreadcrumbList","@id":"https:\/\/lebaraparfum.fr\/?product=khamrah-lattafa-parfum-100ml#breadcrumb","itemListElement":[{"@type":"ListItem","position":1,"name":"Accueil","item":"https:\/\/lebaraparfum.fr\/"},{"@type":"ListItem","position":2,"name":"Shop","item":"https:\/\/lebaraparfum.fr\/?page_id=1280"},{"@type":"ListItem","position":3,"name":"Khamrah Lattafa Parfum 100ml"}]},{"@type":"WebSite","@id":"https:\/\/lebaraparfum.fr\/#website","url":"https:\/\/lebaraparfum.fr\/","name":"Le Bar \u00e0 Parfum","description":"","publisher":{"@id":"https:\/\/lebaraparfum.fr\/#organization"},"alternateName":"Eau De Gamme","potentialAction":[{"@type":"SearchAction","target":{"@type":"EntryPoint","urlTemplate":"https:\/\/lebaraparfum.fr\/?s={search_term_string}"},"query-input":"required name=search_term_string"}],"inLanguage":"fr-FR"},{"@type":"Organization","@id":"https:\/\/lebaraparfum.fr\/#organization","name":"Eau De Gamme","url":"https:\/\/lebaraparfum.fr\/","logo":{"@type":"ImageObject","inLanguage":"fr-FR","@id":"https:\/\/lebaraparfum.fr\/#\/schema\/logo\/image\/","url":"https:\/\/lebaraparfum.fr\/wp-content\/uploads\/2024\/01\/cropped-logo.png","contentUrl":"https:\/\/lebaraparfum.fr\/wp-content\/uploads\/2024\/01\/cropped-logo.png","width":512,"height":512,"caption":"Eau De Gamme"},"image":{"@id":"https:\/\/lebaraparfum.fr\/#\/schema\/logo\/image\/"},"sameAs":["https:\/\/www.instagram.com\/edg.orleans\/"],"actionableFeedbackPolicy":"https:\/\/lebaraparfum.fr\/?page_id=2631"}]}},"_links":{"self":[{"href":"https:\/\/lebaraparfum.fr\/index.php?rest_route=\/wp\/v2\/product\/2238"}],"collection":[{"href":"https:\/\/lebaraparfum.fr\/index.php?rest_route=\/wp\/v2\/product"}],"about":[{"href":"https:\/\/lebaraparfum.fr\/index.php?rest_route=\/wp\/v2\/types\/product"}],"replies":[{"embeddable":true,"href":"https:\/\/lebaraparfum.fr\/index.php?rest_route=%2Fwp%2Fv2%2Fcomments&post=2238"}],"version-history":[{"count":1,"href":"https:\/\/lebaraparfum.fr\/index.php?rest_route=\/wp\/v2\/product\/2238\/revisions"}],"predecessor-version":[{"id":2239,"href":"https:\/\/lebaraparfum.fr\/index.php?rest_route=\/wp\/v2\/product\/2238\/revisions\/2239"}],"wp:featuredmedia":[{"embeddable":true,"href":"https:\/\/lebaraparfum.fr\/index.php?rest_route=\/wp\/v2\/media\/1683"}],"wp:attachment":[{"href":"https:\/\/lebaraparfum.fr\/index.php?rest_route=%2Fwp%2Fv2%2Fmedia&parent=2238"}],"wp:term":[{"taxonomy":"product_cat","embeddable":true,"href":"https:\/\/lebaraparfum.fr\/index.php?rest_route=%2Fwp%2Fv2%2Fproduct_cat&post=2238"},{"taxonomy":"product_tag","embeddable":true,"href":"https:\/\/lebaraparfum.fr\/index.php?rest_route=%2Fwp%2Fv2%2Fproduct_tag&post=2238"}],"curies":[{"name":"wp","href":"https:\/\/api.w.org\/{rel}","templated":true}]}}