{"id":2523,"date":"2024-01-18T20:16:09","date_gmt":"2024-01-18T19:16:09","guid":{"rendered":"https:\/\/lebaraparfum.fr\/?post_type=product&#038;p=2523"},"modified":"2025-12-07T09:39:38","modified_gmt":"2025-12-07T08:39:38","slug":"oud-doman-collection-privee-50ml","status":"publish","type":"product","link":"https:\/\/lebaraparfum.fr\/?product=oud-doman-collection-privee-50ml","title":{"rendered":"Oud D&#8217;Oman Collection Priv\u00e9e 50ml"},"content":{"rendered":"<p>La marque Collection Priv\u00e9e vous propose des parfums de qualit\u00e9 sup\u00e9rieure qui procurent un v\u00e9ritable plaisir sensoriel. Chacune de nos cr\u00e9ations est \u00e9labor\u00e9e avec des ingr\u00e9dients de premier choix et des m\u00e9langes uniques, donnant naissance \u00e0 des fragrances captivantes. Notre gamme diversifi\u00e9e comprend des parfums floraux, bois\u00e9s, \u00e9pic\u00e9s et fruit\u00e9s, pour satisfaire tous les go\u00fbts. Nos flacons \u00e9l\u00e9gants et nos emballages soign\u00e9s en font \u00e9galement un excellent choix pour un cadeau, que ce soit pour vous-m\u00eame ou pour un proche.<\/p>\n<p>Optez pour Collection Priv\u00e9e et d\u00e9couvrez pourquoi nos parfums ont \u00e9t\u00e9 salu\u00e9s pour leur qualit\u00e9 et leur odeur exceptionnelle. Achetez d\u00e8s maintenant et vivez l&#8217;exp\u00e9rience d&#8217;une fragrance qui vous accompagnera tout au long de la journ\u00e9e.<\/p>\n","protected":false},"excerpt":{"rendered":"<p>La marque Collection Priv\u00e9e vous propose des parfums de qualit\u00e9 sup\u00e9rieure qui procurent un v\u00e9ritable plaisir sensoriel.<\/p>\n","protected":false},"featured_media":2527,"comment_status":"open","ping_status":"closed","template":"","meta":{"_monsterinsights_skip_tracking":false,"_monsterinsights_sitenote_active":false,"_monsterinsights_sitenote_note":"","_monsterinsights_sitenote_category":0,"site-sidebar-layout":"default","site-content-layout":"","ast-site-content-layout":"default","site-content-style":"default","site-sidebar-style":"default","ast-global-header-display":"","ast-banner-title-visibility":"","ast-main-header-display":"","ast-hfb-above-header-display":"","ast-hfb-below-header-display":"","ast-hfb-mobile-header-display":"","site-post-title":"","ast-breadcrumbs-content":"","ast-featured-img":"","footer-sml-layout":"","theme-transparent-header-meta":"default","adv-header-id-meta":"","stick-header-meta":"","header-above-stick-meta":"","header-main-stick-meta":"","header-below-stick-meta":"","astra-migrate-meta-layouts":"set","ast-page-background-enabled":"default","ast-page-background-meta":{"desktop":{"background-color":"var(--ast-global-color-4)","background-image":"","background-repeat":"repeat","background-position":"center center","background-size":"auto","background-attachment":"scroll","background-type":"","background-media":"","overlay-type":"","overlay-color":"","overlay-gradient":""},"tablet":{"background-color":"","background-image":"","background-repeat":"repeat","background-position":"center center","background-size":"auto","background-attachment":"scroll","background-type":"","background-media":"","overlay-type":"","overlay-color":"","overlay-gradient":""},"mobile":{"background-color":"","background-image":"","background-repeat":"repeat","background-position":"center center","background-size":"auto","background-attachment":"scroll","background-type":"","background-media":"","overlay-type":"","overlay-color":"","overlay-gradient":""}},"ast-content-background-meta":{"desktop":{"background-color":"var(--ast-global-color-5)","background-image":"","background-repeat":"repeat","background-position":"center center","background-size":"auto","background-attachment":"scroll","background-type":"","background-media":"","overlay-type":"","overlay-color":"","overlay-gradient":""},"tablet":{"background-color":"var(--ast-global-color-5)","background-image":"","background-repeat":"repeat","background-position":"center center","background-size":"auto","background-attachment":"scroll","background-type":"","background-media":"","overlay-type":"","overlay-color":"","overlay-gradient":""},"mobile":{"background-color":"var(--ast-global-color-5)","background-image":"","background-repeat":"repeat","background-position":"center center","background-size":"auto","background-attachment":"scroll","background-type":"","background-media":"","overlay-type":"","overlay-color":"","overlay-gradient":""}}},"product_cat":[50],"product_tag":[],"yoast_head":"<!-- This site is optimized with the Yoast SEO Premium plugin v21.9 (Yoast SEO v21.9.1) - https:\/\/yoast.com\/wordpress\/plugins\/seo\/ -->\n<title>Oud D&#039;Oman Collection Priv\u00e9e 50ml | Le Bar \u00e0 Parfum<\/title>\n<meta name=\"robots\" content=\"index, follow, max-snippet:-1, max-image-preview:large, max-video-preview:-1\" \/>\n<link rel=\"canonical\" href=\"https:\/\/lebaraparfum.fr\/?product=oud-doman-collection-privee-50ml\" \/>\n<meta property=\"og:locale\" content=\"fr_FR\" \/>\n<meta property=\"og:type\" content=\"article\" \/>\n<meta property=\"og:title\" content=\"Oud D&#039;Oman Collection Priv\u00e9e 50ml\" \/>\n<meta property=\"og:description\" content=\"La marque Collection Priv\u00e9e vous propose des parfums de qualit\u00e9 sup\u00e9rieure qui procurent un v\u00e9ritable plaisir sensoriel.\" \/>\n<meta property=\"og:url\" content=\"https:\/\/lebaraparfum.fr\/?product=oud-doman-collection-privee-50ml\" \/>\n<meta property=\"og:site_name\" content=\"Le Bar \u00e0 Parfum\" \/>\n<meta property=\"article:modified_time\" content=\"2025-12-07T08:39:38+00:00\" \/>\n<meta property=\"og:image\" content=\"http:\/\/lebaraparfum.fr\/wp-content\/uploads\/2024\/01\/ouddoman03-scaled.jpg\" \/>\n\t<meta property=\"og:image:width\" content=\"2560\" \/>\n\t<meta property=\"og:image:height\" content=\"2560\" \/>\n\t<meta property=\"og:image:type\" content=\"image\/jpeg\" \/>\n<meta name=\"twitter:card\" content=\"summary_large_image\" \/>\n<meta name=\"twitter:label1\" content=\"Dur\u00e9e de lecture estim\u00e9e\" \/>\n\t<meta name=\"twitter:data1\" content=\"1 minute\" \/>\n<script type=\"application\/ld+json\" class=\"yoast-schema-graph\">{\"@context\":\"https:\/\/schema.org\",\"@graph\":[{\"@type\":\"WebPage\",\"@id\":\"https:\/\/lebaraparfum.fr\/?product=oud-doman-collection-privee-50ml\",\"url\":\"https:\/\/lebaraparfum.fr\/?product=oud-doman-collection-privee-50ml\",\"name\":\"Oud D'Oman Collection Priv\u00e9e 50ml | Le Bar \u00e0 Parfum\",\"isPartOf\":{\"@id\":\"https:\/\/lebaraparfum.fr\/#website\"},\"datePublished\":\"2024-01-18T19:16:09+00:00\",\"dateModified\":\"2025-12-07T08:39:38+00:00\",\"breadcrumb\":{\"@id\":\"https:\/\/lebaraparfum.fr\/?product=oud-doman-collection-privee-50ml#breadcrumb\"},\"inLanguage\":\"fr-FR\",\"potentialAction\":[{\"@type\":\"ReadAction\",\"target\":[\"https:\/\/lebaraparfum.fr\/?product=oud-doman-collection-privee-50ml\"]}]},{\"@type\":\"BreadcrumbList\",\"@id\":\"https:\/\/lebaraparfum.fr\/?product=oud-doman-collection-privee-50ml#breadcrumb\",\"itemListElement\":[{\"@type\":\"ListItem\",\"position\":1,\"name\":\"Accueil\",\"item\":\"https:\/\/lebaraparfum.fr\/\"},{\"@type\":\"ListItem\",\"position\":2,\"name\":\"Shop\",\"item\":\"https:\/\/lebaraparfum.fr\/?page_id=1280\"},{\"@type\":\"ListItem\",\"position\":3,\"name\":\"Oud D&#8217;Oman Collection Priv\u00e9e 50ml\"}]},{\"@type\":\"WebSite\",\"@id\":\"https:\/\/lebaraparfum.fr\/#website\",\"url\":\"https:\/\/lebaraparfum.fr\/\",\"name\":\"Le Bar \u00e0 Parfum\",\"description\":\"\",\"publisher\":{\"@id\":\"https:\/\/lebaraparfum.fr\/#organization\"},\"alternateName\":\"Eau De Gamme\",\"potentialAction\":[{\"@type\":\"SearchAction\",\"target\":{\"@type\":\"EntryPoint\",\"urlTemplate\":\"https:\/\/lebaraparfum.fr\/?s={search_term_string}\"},\"query-input\":\"required name=search_term_string\"}],\"inLanguage\":\"fr-FR\"},{\"@type\":\"Organization\",\"@id\":\"https:\/\/lebaraparfum.fr\/#organization\",\"name\":\"Eau De Gamme\",\"url\":\"https:\/\/lebaraparfum.fr\/\",\"logo\":{\"@type\":\"ImageObject\",\"inLanguage\":\"fr-FR\",\"@id\":\"https:\/\/lebaraparfum.fr\/#\/schema\/logo\/image\/\",\"url\":\"https:\/\/lebaraparfum.fr\/wp-content\/uploads\/2024\/01\/cropped-logo.png\",\"contentUrl\":\"https:\/\/lebaraparfum.fr\/wp-content\/uploads\/2024\/01\/cropped-logo.png\",\"width\":512,\"height\":512,\"caption\":\"Eau De Gamme\"},\"image\":{\"@id\":\"https:\/\/lebaraparfum.fr\/#\/schema\/logo\/image\/\"},\"sameAs\":[\"https:\/\/www.instagram.com\/edg.orleans\/\"],\"actionableFeedbackPolicy\":\"https:\/\/lebaraparfum.fr\/?page_id=2631\"}]}<\/script>\n<!-- \/ Yoast SEO Premium plugin. -->","yoast_head_json":{"title":"Oud D'Oman Collection Priv\u00e9e 50ml | Le Bar \u00e0 Parfum","robots":{"index":"index","follow":"follow","max-snippet":"max-snippet:-1","max-image-preview":"max-image-preview:large","max-video-preview":"max-video-preview:-1"},"canonical":"https:\/\/lebaraparfum.fr\/?product=oud-doman-collection-privee-50ml","og_locale":"fr_FR","og_type":"article","og_title":"Oud D'Oman Collection Priv\u00e9e 50ml","og_description":"La marque Collection Priv\u00e9e vous propose des parfums de qualit\u00e9 sup\u00e9rieure qui procurent un v\u00e9ritable plaisir sensoriel.","og_url":"https:\/\/lebaraparfum.fr\/?product=oud-doman-collection-privee-50ml","og_site_name":"Le Bar \u00e0 Parfum","article_modified_time":"2025-12-07T08:39:38+00:00","og_image":[{"width":2560,"height":2560,"url":"http:\/\/lebaraparfum.fr\/wp-content\/uploads\/2024\/01\/ouddoman03-scaled.jpg","type":"image\/jpeg"}],"twitter_card":"summary_large_image","twitter_misc":{"Dur\u00e9e de lecture estim\u00e9e":"1 minute"},"schema":{"@context":"https:\/\/schema.org","@graph":[{"@type":"WebPage","@id":"https:\/\/lebaraparfum.fr\/?product=oud-doman-collection-privee-50ml","url":"https:\/\/lebaraparfum.fr\/?product=oud-doman-collection-privee-50ml","name":"Oud D'Oman Collection Priv\u00e9e 50ml | Le Bar \u00e0 Parfum","isPartOf":{"@id":"https:\/\/lebaraparfum.fr\/#website"},"datePublished":"2024-01-18T19:16:09+00:00","dateModified":"2025-12-07T08:39:38+00:00","breadcrumb":{"@id":"https:\/\/lebaraparfum.fr\/?product=oud-doman-collection-privee-50ml#breadcrumb"},"inLanguage":"fr-FR","potentialAction":[{"@type":"ReadAction","target":["https:\/\/lebaraparfum.fr\/?product=oud-doman-collection-privee-50ml"]}]},{"@type":"BreadcrumbList","@id":"https:\/\/lebaraparfum.fr\/?product=oud-doman-collection-privee-50ml#breadcrumb","itemListElement":[{"@type":"ListItem","position":1,"name":"Accueil","item":"https:\/\/lebaraparfum.fr\/"},{"@type":"ListItem","position":2,"name":"Shop","item":"https:\/\/lebaraparfum.fr\/?page_id=1280"},{"@type":"ListItem","position":3,"name":"Oud D&#8217;Oman Collection Priv\u00e9e 50ml"}]},{"@type":"WebSite","@id":"https:\/\/lebaraparfum.fr\/#website","url":"https:\/\/lebaraparfum.fr\/","name":"Le Bar \u00e0 Parfum","description":"","publisher":{"@id":"https:\/\/lebaraparfum.fr\/#organization"},"alternateName":"Eau De Gamme","potentialAction":[{"@type":"SearchAction","target":{"@type":"EntryPoint","urlTemplate":"https:\/\/lebaraparfum.fr\/?s={search_term_string}"},"query-input":"required name=search_term_string"}],"inLanguage":"fr-FR"},{"@type":"Organization","@id":"https:\/\/lebaraparfum.fr\/#organization","name":"Eau De Gamme","url":"https:\/\/lebaraparfum.fr\/","logo":{"@type":"ImageObject","inLanguage":"fr-FR","@id":"https:\/\/lebaraparfum.fr\/#\/schema\/logo\/image\/","url":"https:\/\/lebaraparfum.fr\/wp-content\/uploads\/2024\/01\/cropped-logo.png","contentUrl":"https:\/\/lebaraparfum.fr\/wp-content\/uploads\/2024\/01\/cropped-logo.png","width":512,"height":512,"caption":"Eau De Gamme"},"image":{"@id":"https:\/\/lebaraparfum.fr\/#\/schema\/logo\/image\/"},"sameAs":["https:\/\/www.instagram.com\/edg.orleans\/"],"actionableFeedbackPolicy":"https:\/\/lebaraparfum.fr\/?page_id=2631"}]}},"_links":{"self":[{"href":"https:\/\/lebaraparfum.fr\/index.php?rest_route=\/wp\/v2\/product\/2523"}],"collection":[{"href":"https:\/\/lebaraparfum.fr\/index.php?rest_route=\/wp\/v2\/product"}],"about":[{"href":"https:\/\/lebaraparfum.fr\/index.php?rest_route=\/wp\/v2\/types\/product"}],"replies":[{"embeddable":true,"href":"https:\/\/lebaraparfum.fr\/index.php?rest_route=%2Fwp%2Fv2%2Fcomments&post=2523"}],"version-history":[{"count":1,"href":"https:\/\/lebaraparfum.fr\/index.php?rest_route=\/wp\/v2\/product\/2523\/revisions"}],"predecessor-version":[{"id":2529,"href":"https:\/\/lebaraparfum.fr\/index.php?rest_route=\/wp\/v2\/product\/2523\/revisions\/2529"}],"wp:featuredmedia":[{"embeddable":true,"href":"https:\/\/lebaraparfum.fr\/index.php?rest_route=\/wp\/v2\/media\/2527"}],"wp:attachment":[{"href":"https:\/\/lebaraparfum.fr\/index.php?rest_route=%2Fwp%2Fv2%2Fmedia&parent=2523"}],"wp:term":[{"taxonomy":"product_cat","embeddable":true,"href":"https:\/\/lebaraparfum.fr\/index.php?rest_route=%2Fwp%2Fv2%2Fproduct_cat&post=2523"},{"taxonomy":"product_tag","embeddable":true,"href":"https:\/\/lebaraparfum.fr\/index.php?rest_route=%2Fwp%2Fv2%2Fproduct_tag&post=2523"}],"curies":[{"name":"wp","href":"https:\/\/api.w.org\/{rel}","templated":true}]}}