{"id":3428,"date":"2025-10-11T09:08:09","date_gmt":"2025-10-11T07:08:09","guid":{"rendered":"https:\/\/lebaraparfum.fr\/?post_type=product&#038;p=3428"},"modified":"2025-12-07T09:37:10","modified_gmt":"2025-12-07T08:37:10","slug":"madyan-oudi-eau-de-parfum-100ml","status":"publish","type":"product","link":"https:\/\/lebaraparfum.fr\/?product=madyan-oudi-eau-de-parfum-100ml","title":{"rendered":"Khair Felicity &#8211; Paris Corner Eau De Parfum 100ml"},"content":{"rendered":"<p class=\"p1\">L\u2019ouverture rayonnante associe la gourmandise du cassis \u00e0 la fra\u00eecheur a\u00e9rienne du freesia, offrant une entr\u00e9e l\u00e9g\u00e8re et p\u00e9tillante. Au c\u0153ur, la rose de mai d\u00e9ploie son romantisme, sublim\u00e9e par la sensualit\u00e9 du musc soyeux et l\u2019\u00e9clat du jasmin. En fond, la douceur enveloppante de la vanille et du sucre se fond dans un sillage musqu\u00e9, chaud et r\u00e9confortant.<\/p>\n<p class=\"p1\">Un parfum tendre et lumineux, symbole de joie, de f\u00e9minit\u00e9 et d\u2019\u00e9l\u00e9gance naturelle.<\/p>\n","protected":false},"excerpt":{"rendered":"<p class=\"p1\">L\u2019ouverture rayonnante associe la gourmandise du cassis \u00e0 la fra\u00eecheur a\u00e9rienne du freesia, offrant une entr\u00e9e l\u00e9g\u00e8re et p\u00e9tillante. Au c\u0153ur, la rose de mai d\u00e9ploie son romantisme, sublim\u00e9e par la sensualit\u00e9 du musc soyeux et l\u2019\u00e9clat du jasmin. En fond, la douceur enveloppante de la vanille et du sucre se fond dans un sillage musqu\u00e9, chaud et r\u00e9confortant.<\/p>\n<p class=\"p1\">Un parfum tendre et lumineux, symbole de joie, de f\u00e9minit\u00e9 et d\u2019\u00e9l\u00e9gance naturelle.<\/p>\n","protected":false},"featured_media":3429,"comment_status":"open","ping_status":"closed","template":"","meta":{"_monsterinsights_skip_tracking":false,"_monsterinsights_sitenote_active":false,"_monsterinsights_sitenote_note":"","_monsterinsights_sitenote_category":0,"site-sidebar-layout":"default","site-content-layout":"","ast-site-content-layout":"default","site-content-style":"default","site-sidebar-style":"default","ast-global-header-display":"","ast-banner-title-visibility":"","ast-main-header-display":"","ast-hfb-above-header-display":"","ast-hfb-below-header-display":"","ast-hfb-mobile-header-display":"","site-post-title":"","ast-breadcrumbs-content":"","ast-featured-img":"","footer-sml-layout":"","theme-transparent-header-meta":"default","adv-header-id-meta":"","stick-header-meta":"","header-above-stick-meta":"","header-main-stick-meta":"","header-below-stick-meta":"","astra-migrate-meta-layouts":"set","ast-page-background-enabled":"default","ast-page-background-meta":{"desktop":{"background-color":"var(--ast-global-color-4)","background-image":"","background-repeat":"repeat","background-position":"center center","background-size":"auto","background-attachment":"scroll","background-type":"","background-media":"","overlay-type":"","overlay-color":"","overlay-gradient":""},"tablet":{"background-color":"","background-image":"","background-repeat":"repeat","background-position":"center center","background-size":"auto","background-attachment":"scroll","background-type":"","background-media":"","overlay-type":"","overlay-color":"","overlay-gradient":""},"mobile":{"background-color":"","background-image":"","background-repeat":"repeat","background-position":"center center","background-size":"auto","background-attachment":"scroll","background-type":"","background-media":"","overlay-type":"","overlay-color":"","overlay-gradient":""}},"ast-content-background-meta":{"desktop":{"background-color":"var(--ast-global-color-5)","background-image":"","background-repeat":"repeat","background-position":"center center","background-size":"auto","background-attachment":"scroll","background-type":"","background-media":"","overlay-type":"","overlay-color":"","overlay-gradient":""},"tablet":{"background-color":"var(--ast-global-color-5)","background-image":"","background-repeat":"repeat","background-position":"center center","background-size":"auto","background-attachment":"scroll","background-type":"","background-media":"","overlay-type":"","overlay-color":"","overlay-gradient":""},"mobile":{"background-color":"var(--ast-global-color-5)","background-image":"","background-repeat":"repeat","background-position":"center center","background-size":"auto","background-attachment":"scroll","background-type":"","background-media":"","overlay-type":"","overlay-color":"","overlay-gradient":""}}},"product_cat":[47],"product_tag":[],"yoast_head":"<!-- This site is optimized with the Yoast SEO Premium plugin v21.9 (Yoast SEO v21.9.1) - https:\/\/yoast.com\/wordpress\/plugins\/seo\/ -->\n<title>Khair Felicity - Paris Corner Eau De Parfum 100ml | Le Bar \u00e0 Parfum<\/title>\n<meta name=\"robots\" content=\"index, follow, max-snippet:-1, max-image-preview:large, max-video-preview:-1\" \/>\n<link rel=\"canonical\" href=\"https:\/\/lebaraparfum.fr\/?product=madyan-oudi-eau-de-parfum-100ml\" \/>\n<meta property=\"og:locale\" content=\"fr_FR\" \/>\n<meta property=\"og:type\" content=\"article\" \/>\n<meta property=\"og:title\" content=\"Khair Felicity - Paris Corner Eau De Parfum 100ml\" \/>\n<meta property=\"og:description\" content=\"L\u2019ouverture rayonnante associe la gourmandise du cassis \u00e0 la fra\u00eecheur a\u00e9rienne du freesia, offrant une entr\u00e9e l\u00e9g\u00e8re et p\u00e9tillante. Au c\u0153ur, la rose de mai d\u00e9ploie son romantisme, sublim\u00e9e par la sensualit\u00e9 du musc soyeux et l\u2019\u00e9clat du jasmin. En fond, la douceur enveloppante de la vanille et du sucre se fond dans un sillage musqu\u00e9, chaud et r\u00e9confortant. Un parfum tendre et lumineux, symbole de joie, de f\u00e9minit\u00e9 et d\u2019\u00e9l\u00e9gance naturelle.\" \/>\n<meta property=\"og:url\" content=\"https:\/\/lebaraparfum.fr\/?product=madyan-oudi-eau-de-parfum-100ml\" \/>\n<meta property=\"og:site_name\" content=\"Le Bar \u00e0 Parfum\" \/>\n<meta property=\"article:modified_time\" content=\"2025-12-07T08:37:10+00:00\" \/>\n<meta property=\"og:image\" content=\"http:\/\/lebaraparfum.fr\/wp-content\/uploads\/2025\/10\/parfum1-1-scaled.webp\" \/>\n\t<meta property=\"og:image:width\" content=\"2560\" \/>\n\t<meta property=\"og:image:height\" content=\"2560\" \/>\n\t<meta property=\"og:image:type\" content=\"image\/webp\" \/>\n<meta name=\"twitter:card\" content=\"summary_large_image\" \/>\n<meta name=\"twitter:label1\" content=\"Dur\u00e9e de lecture estim\u00e9e\" \/>\n\t<meta name=\"twitter:data1\" content=\"1 minute\" \/>\n<script type=\"application\/ld+json\" class=\"yoast-schema-graph\">{\"@context\":\"https:\/\/schema.org\",\"@graph\":[{\"@type\":\"WebPage\",\"@id\":\"https:\/\/lebaraparfum.fr\/?product=madyan-oudi-eau-de-parfum-100ml\",\"url\":\"https:\/\/lebaraparfum.fr\/?product=madyan-oudi-eau-de-parfum-100ml\",\"name\":\"Khair Felicity - Paris Corner Eau De Parfum 100ml | Le Bar \u00e0 Parfum\",\"isPartOf\":{\"@id\":\"https:\/\/lebaraparfum.fr\/#website\"},\"datePublished\":\"2025-10-11T07:08:09+00:00\",\"dateModified\":\"2025-12-07T08:37:10+00:00\",\"breadcrumb\":{\"@id\":\"https:\/\/lebaraparfum.fr\/?product=madyan-oudi-eau-de-parfum-100ml#breadcrumb\"},\"inLanguage\":\"fr-FR\",\"potentialAction\":[{\"@type\":\"ReadAction\",\"target\":[\"https:\/\/lebaraparfum.fr\/?product=madyan-oudi-eau-de-parfum-100ml\"]}]},{\"@type\":\"BreadcrumbList\",\"@id\":\"https:\/\/lebaraparfum.fr\/?product=madyan-oudi-eau-de-parfum-100ml#breadcrumb\",\"itemListElement\":[{\"@type\":\"ListItem\",\"position\":1,\"name\":\"Accueil\",\"item\":\"https:\/\/lebaraparfum.fr\/\"},{\"@type\":\"ListItem\",\"position\":2,\"name\":\"Shop\",\"item\":\"https:\/\/lebaraparfum.fr\/?page_id=1280\"},{\"@type\":\"ListItem\",\"position\":3,\"name\":\"Khair Felicity &#8211; Paris Corner Eau De Parfum 100ml\"}]},{\"@type\":\"WebSite\",\"@id\":\"https:\/\/lebaraparfum.fr\/#website\",\"url\":\"https:\/\/lebaraparfum.fr\/\",\"name\":\"Le Bar \u00e0 Parfum\",\"description\":\"\",\"publisher\":{\"@id\":\"https:\/\/lebaraparfum.fr\/#organization\"},\"alternateName\":\"Eau De Gamme\",\"potentialAction\":[{\"@type\":\"SearchAction\",\"target\":{\"@type\":\"EntryPoint\",\"urlTemplate\":\"https:\/\/lebaraparfum.fr\/?s={search_term_string}\"},\"query-input\":\"required name=search_term_string\"}],\"inLanguage\":\"fr-FR\"},{\"@type\":\"Organization\",\"@id\":\"https:\/\/lebaraparfum.fr\/#organization\",\"name\":\"Eau De Gamme\",\"url\":\"https:\/\/lebaraparfum.fr\/\",\"logo\":{\"@type\":\"ImageObject\",\"inLanguage\":\"fr-FR\",\"@id\":\"https:\/\/lebaraparfum.fr\/#\/schema\/logo\/image\/\",\"url\":\"https:\/\/lebaraparfum.fr\/wp-content\/uploads\/2024\/01\/cropped-logo.png\",\"contentUrl\":\"https:\/\/lebaraparfum.fr\/wp-content\/uploads\/2024\/01\/cropped-logo.png\",\"width\":512,\"height\":512,\"caption\":\"Eau De Gamme\"},\"image\":{\"@id\":\"https:\/\/lebaraparfum.fr\/#\/schema\/logo\/image\/\"},\"sameAs\":[\"https:\/\/www.instagram.com\/edg.orleans\/\"],\"actionableFeedbackPolicy\":\"https:\/\/lebaraparfum.fr\/?page_id=2631\"}]}<\/script>\n<!-- \/ Yoast SEO Premium plugin. -->","yoast_head_json":{"title":"Khair Felicity - Paris Corner Eau De Parfum 100ml | Le Bar \u00e0 Parfum","robots":{"index":"index","follow":"follow","max-snippet":"max-snippet:-1","max-image-preview":"max-image-preview:large","max-video-preview":"max-video-preview:-1"},"canonical":"https:\/\/lebaraparfum.fr\/?product=madyan-oudi-eau-de-parfum-100ml","og_locale":"fr_FR","og_type":"article","og_title":"Khair Felicity - Paris Corner Eau De Parfum 100ml","og_description":"L\u2019ouverture rayonnante associe la gourmandise du cassis \u00e0 la fra\u00eecheur a\u00e9rienne du freesia, offrant une entr\u00e9e l\u00e9g\u00e8re et p\u00e9tillante. Au c\u0153ur, la rose de mai d\u00e9ploie son romantisme, sublim\u00e9e par la sensualit\u00e9 du musc soyeux et l\u2019\u00e9clat du jasmin. En fond, la douceur enveloppante de la vanille et du sucre se fond dans un sillage musqu\u00e9, chaud et r\u00e9confortant. Un parfum tendre et lumineux, symbole de joie, de f\u00e9minit\u00e9 et d\u2019\u00e9l\u00e9gance naturelle.","og_url":"https:\/\/lebaraparfum.fr\/?product=madyan-oudi-eau-de-parfum-100ml","og_site_name":"Le Bar \u00e0 Parfum","article_modified_time":"2025-12-07T08:37:10+00:00","og_image":[{"width":2560,"height":2560,"url":"http:\/\/lebaraparfum.fr\/wp-content\/uploads\/2025\/10\/parfum1-1-scaled.webp","type":"image\/webp"}],"twitter_card":"summary_large_image","twitter_misc":{"Dur\u00e9e de lecture estim\u00e9e":"1 minute"},"schema":{"@context":"https:\/\/schema.org","@graph":[{"@type":"WebPage","@id":"https:\/\/lebaraparfum.fr\/?product=madyan-oudi-eau-de-parfum-100ml","url":"https:\/\/lebaraparfum.fr\/?product=madyan-oudi-eau-de-parfum-100ml","name":"Khair Felicity - Paris Corner Eau De Parfum 100ml | Le Bar \u00e0 Parfum","isPartOf":{"@id":"https:\/\/lebaraparfum.fr\/#website"},"datePublished":"2025-10-11T07:08:09+00:00","dateModified":"2025-12-07T08:37:10+00:00","breadcrumb":{"@id":"https:\/\/lebaraparfum.fr\/?product=madyan-oudi-eau-de-parfum-100ml#breadcrumb"},"inLanguage":"fr-FR","potentialAction":[{"@type":"ReadAction","target":["https:\/\/lebaraparfum.fr\/?product=madyan-oudi-eau-de-parfum-100ml"]}]},{"@type":"BreadcrumbList","@id":"https:\/\/lebaraparfum.fr\/?product=madyan-oudi-eau-de-parfum-100ml#breadcrumb","itemListElement":[{"@type":"ListItem","position":1,"name":"Accueil","item":"https:\/\/lebaraparfum.fr\/"},{"@type":"ListItem","position":2,"name":"Shop","item":"https:\/\/lebaraparfum.fr\/?page_id=1280"},{"@type":"ListItem","position":3,"name":"Khair Felicity &#8211; Paris Corner Eau De Parfum 100ml"}]},{"@type":"WebSite","@id":"https:\/\/lebaraparfum.fr\/#website","url":"https:\/\/lebaraparfum.fr\/","name":"Le Bar \u00e0 Parfum","description":"","publisher":{"@id":"https:\/\/lebaraparfum.fr\/#organization"},"alternateName":"Eau De Gamme","potentialAction":[{"@type":"SearchAction","target":{"@type":"EntryPoint","urlTemplate":"https:\/\/lebaraparfum.fr\/?s={search_term_string}"},"query-input":"required name=search_term_string"}],"inLanguage":"fr-FR"},{"@type":"Organization","@id":"https:\/\/lebaraparfum.fr\/#organization","name":"Eau De Gamme","url":"https:\/\/lebaraparfum.fr\/","logo":{"@type":"ImageObject","inLanguage":"fr-FR","@id":"https:\/\/lebaraparfum.fr\/#\/schema\/logo\/image\/","url":"https:\/\/lebaraparfum.fr\/wp-content\/uploads\/2024\/01\/cropped-logo.png","contentUrl":"https:\/\/lebaraparfum.fr\/wp-content\/uploads\/2024\/01\/cropped-logo.png","width":512,"height":512,"caption":"Eau De Gamme"},"image":{"@id":"https:\/\/lebaraparfum.fr\/#\/schema\/logo\/image\/"},"sameAs":["https:\/\/www.instagram.com\/edg.orleans\/"],"actionableFeedbackPolicy":"https:\/\/lebaraparfum.fr\/?page_id=2631"}]}},"_links":{"self":[{"href":"https:\/\/lebaraparfum.fr\/index.php?rest_route=\/wp\/v2\/product\/3428"}],"collection":[{"href":"https:\/\/lebaraparfum.fr\/index.php?rest_route=\/wp\/v2\/product"}],"about":[{"href":"https:\/\/lebaraparfum.fr\/index.php?rest_route=\/wp\/v2\/types\/product"}],"replies":[{"embeddable":true,"href":"https:\/\/lebaraparfum.fr\/index.php?rest_route=%2Fwp%2Fv2%2Fcomments&post=3428"}],"version-history":[{"count":4,"href":"https:\/\/lebaraparfum.fr\/index.php?rest_route=\/wp\/v2\/product\/3428\/revisions"}],"predecessor-version":[{"id":3505,"href":"https:\/\/lebaraparfum.fr\/index.php?rest_route=\/wp\/v2\/product\/3428\/revisions\/3505"}],"wp:featuredmedia":[{"embeddable":true,"href":"https:\/\/lebaraparfum.fr\/index.php?rest_route=\/wp\/v2\/media\/3429"}],"wp:attachment":[{"href":"https:\/\/lebaraparfum.fr\/index.php?rest_route=%2Fwp%2Fv2%2Fmedia&parent=3428"}],"wp:term":[{"taxonomy":"product_cat","embeddable":true,"href":"https:\/\/lebaraparfum.fr\/index.php?rest_route=%2Fwp%2Fv2%2Fproduct_cat&post=3428"},{"taxonomy":"product_tag","embeddable":true,"href":"https:\/\/lebaraparfum.fr\/index.php?rest_route=%2Fwp%2Fv2%2Fproduct_tag&post=3428"}],"curies":[{"name":"wp","href":"https:\/\/api.w.org\/{rel}","templated":true}]}}