{"id":3432,"date":"2025-10-11T09:09:46","date_gmt":"2025-10-11T07:09:46","guid":{"rendered":"https:\/\/lebaraparfum.fr\/?post_type=product&#038;p=3432"},"modified":"2025-12-07T09:37:09","modified_gmt":"2025-12-07T08:37:09","slug":"madyan-oudi-eau-de-parfum-100ml-2","status":"publish","type":"product","link":"https:\/\/lebaraparfum.fr\/?product=madyan-oudi-eau-de-parfum-100ml-2","title":{"rendered":"Madyan &#8211; Oudi Eau de Parfum 100ml"},"content":{"rendered":"<p class=\"p1\">La fragrance s\u2019ouvre sur un \u00e9clat fruit\u00e9 et ensoleill\u00e9, o\u00f9 l\u2019exotisme de l\u2019ananas se marie \u00e0 la douceur velout\u00e9e de la p\u00eache et \u00e0 la fra\u00eecheur croquante de la pomme. En c\u0153ur, un d\u00e9licat bouquet floral de rose, de muguet et de magnolia d\u00e9voile une harmonie pleine de tendresse et d\u2019\u00e9l\u00e9gance. En fond, les notes chaleureuses de bois de santal s\u2019unissent au patchouli profond, au musc soyeux et \u00e0 une subtile touche d\u2019ambre gris, offrant un sillage doux, raffin\u00e9 et parfaitement \u00e9quilibr\u00e9.<\/p>\n<p class=\"p1\">Un parfum \u00e0 la fois lumineux, floral et bois\u00e9, pens\u00e9 pour celles et ceux qui recherchent une signature olfactive \u00e9l\u00e9gante, harmonieuse et intemporelle.<\/p>\n","protected":false},"excerpt":{"rendered":"<p class=\"p1\">La fragrance s\u2019ouvre sur un \u00e9clat fruit\u00e9 et ensoleill\u00e9, o\u00f9 l\u2019exotisme de l\u2019ananas se marie \u00e0 la douceur velout\u00e9e de la p\u00eache et \u00e0 la fra\u00eecheur croquante de la pomme. En c\u0153ur, un d\u00e9licat bouquet floral de rose, de muguet et de magnolia d\u00e9voile une harmonie pleine de tendresse et d\u2019\u00e9l\u00e9gance. En fond, les notes chaleureuses de bois de santal s\u2019unissent au patchouli profond, au musc soyeux et \u00e0 une subtile touche d\u2019ambre gris, offrant un sillage doux, raffin\u00e9 et parfaitement \u00e9quilibr\u00e9.<\/p>\n<p class=\"p1\">Un parfum \u00e0 la fois lumineux, floral et bois\u00e9, pens\u00e9 pour celles et ceux qui recherchent une signature olfactive \u00e9l\u00e9gante, harmonieuse et intemporelle.<\/p>\n","protected":false},"featured_media":3433,"comment_status":"open","ping_status":"closed","template":"","meta":{"_monsterinsights_skip_tracking":false,"_monsterinsights_sitenote_active":false,"_monsterinsights_sitenote_note":"","_monsterinsights_sitenote_category":0,"site-sidebar-layout":"default","site-content-layout":"","ast-site-content-layout":"default","site-content-style":"default","site-sidebar-style":"default","ast-global-header-display":"","ast-banner-title-visibility":"","ast-main-header-display":"","ast-hfb-above-header-display":"","ast-hfb-below-header-display":"","ast-hfb-mobile-header-display":"","site-post-title":"","ast-breadcrumbs-content":"","ast-featured-img":"","footer-sml-layout":"","theme-transparent-header-meta":"default","adv-header-id-meta":"","stick-header-meta":"","header-above-stick-meta":"","header-main-stick-meta":"","header-below-stick-meta":"","astra-migrate-meta-layouts":"set","ast-page-background-enabled":"default","ast-page-background-meta":{"desktop":{"background-color":"var(--ast-global-color-4)","background-image":"","background-repeat":"repeat","background-position":"center center","background-size":"auto","background-attachment":"scroll","background-type":"","background-media":"","overlay-type":"","overlay-color":"","overlay-gradient":""},"tablet":{"background-color":"","background-image":"","background-repeat":"repeat","background-position":"center center","background-size":"auto","background-attachment":"scroll","background-type":"","background-media":"","overlay-type":"","overlay-color":"","overlay-gradient":""},"mobile":{"background-color":"","background-image":"","background-repeat":"repeat","background-position":"center center","background-size":"auto","background-attachment":"scroll","background-type":"","background-media":"","overlay-type":"","overlay-color":"","overlay-gradient":""}},"ast-content-background-meta":{"desktop":{"background-color":"var(--ast-global-color-5)","background-image":"","background-repeat":"repeat","background-position":"center center","background-size":"auto","background-attachment":"scroll","background-type":"","background-media":"","overlay-type":"","overlay-color":"","overlay-gradient":""},"tablet":{"background-color":"var(--ast-global-color-5)","background-image":"","background-repeat":"repeat","background-position":"center center","background-size":"auto","background-attachment":"scroll","background-type":"","background-media":"","overlay-type":"","overlay-color":"","overlay-gradient":""},"mobile":{"background-color":"var(--ast-global-color-5)","background-image":"","background-repeat":"repeat","background-position":"center center","background-size":"auto","background-attachment":"scroll","background-type":"","background-media":"","overlay-type":"","overlay-color":"","overlay-gradient":""}}},"product_cat":[47],"product_tag":[],"yoast_head":"<!-- This site is optimized with the Yoast SEO Premium plugin v21.9 (Yoast SEO v21.9.1) - https:\/\/yoast.com\/wordpress\/plugins\/seo\/ -->\n<title>Madyan - Oudi Eau de Parfum 100ml | Le Bar \u00e0 Parfum<\/title>\n<meta name=\"robots\" content=\"index, follow, max-snippet:-1, max-image-preview:large, max-video-preview:-1\" \/>\n<link rel=\"canonical\" href=\"https:\/\/lebaraparfum.fr\/?product=madyan-oudi-eau-de-parfum-100ml-2\" \/>\n<meta property=\"og:locale\" content=\"fr_FR\" \/>\n<meta property=\"og:type\" content=\"article\" \/>\n<meta property=\"og:title\" content=\"Madyan - Oudi Eau de Parfum 100ml\" \/>\n<meta property=\"og:description\" content=\"La fragrance s\u2019ouvre sur un \u00e9clat fruit\u00e9 et ensoleill\u00e9, o\u00f9 l\u2019exotisme de l\u2019ananas se marie \u00e0 la douceur velout\u00e9e de la p\u00eache et \u00e0 la fra\u00eecheur croquante de la pomme. En c\u0153ur, un d\u00e9licat bouquet floral de rose, de muguet et de magnolia d\u00e9voile une harmonie pleine de tendresse et d\u2019\u00e9l\u00e9gance. En fond, les notes chaleureuses de bois de santal s\u2019unissent au patchouli profond, au musc soyeux et \u00e0 une subtile touche d\u2019ambre gris, offrant un sillage doux, raffin\u00e9 et parfaitement \u00e9quilibr\u00e9. Un parfum \u00e0 la fois lumineux, floral et bois\u00e9, pens\u00e9 pour celles et ceux qui recherchent une signature olfactive \u00e9l\u00e9gante, harmonieuse et intemporelle.\" \/>\n<meta property=\"og:url\" content=\"https:\/\/lebaraparfum.fr\/?product=madyan-oudi-eau-de-parfum-100ml-2\" \/>\n<meta property=\"og:site_name\" content=\"Le Bar \u00e0 Parfum\" \/>\n<meta property=\"article:modified_time\" content=\"2025-12-07T08:37:09+00:00\" \/>\n<meta property=\"og:image\" content=\"http:\/\/lebaraparfum.fr\/wp-content\/uploads\/2025\/10\/parfum1-2-scaled.webp\" \/>\n\t<meta property=\"og:image:width\" content=\"2560\" \/>\n\t<meta property=\"og:image:height\" content=\"2560\" \/>\n\t<meta property=\"og:image:type\" content=\"image\/webp\" \/>\n<meta name=\"twitter:card\" content=\"summary_large_image\" \/>\n<meta name=\"twitter:label1\" content=\"Dur\u00e9e de lecture estim\u00e9e\" \/>\n\t<meta name=\"twitter:data1\" content=\"1 minute\" \/>\n<script type=\"application\/ld+json\" class=\"yoast-schema-graph\">{\"@context\":\"https:\/\/schema.org\",\"@graph\":[{\"@type\":\"WebPage\",\"@id\":\"https:\/\/lebaraparfum.fr\/?product=madyan-oudi-eau-de-parfum-100ml-2\",\"url\":\"https:\/\/lebaraparfum.fr\/?product=madyan-oudi-eau-de-parfum-100ml-2\",\"name\":\"Madyan - Oudi Eau de Parfum 100ml | Le Bar \u00e0 Parfum\",\"isPartOf\":{\"@id\":\"https:\/\/lebaraparfum.fr\/#website\"},\"datePublished\":\"2025-10-11T07:09:46+00:00\",\"dateModified\":\"2025-12-07T08:37:09+00:00\",\"breadcrumb\":{\"@id\":\"https:\/\/lebaraparfum.fr\/?product=madyan-oudi-eau-de-parfum-100ml-2#breadcrumb\"},\"inLanguage\":\"fr-FR\",\"potentialAction\":[{\"@type\":\"ReadAction\",\"target\":[\"https:\/\/lebaraparfum.fr\/?product=madyan-oudi-eau-de-parfum-100ml-2\"]}]},{\"@type\":\"BreadcrumbList\",\"@id\":\"https:\/\/lebaraparfum.fr\/?product=madyan-oudi-eau-de-parfum-100ml-2#breadcrumb\",\"itemListElement\":[{\"@type\":\"ListItem\",\"position\":1,\"name\":\"Accueil\",\"item\":\"https:\/\/lebaraparfum.fr\/\"},{\"@type\":\"ListItem\",\"position\":2,\"name\":\"Shop\",\"item\":\"https:\/\/lebaraparfum.fr\/?page_id=1280\"},{\"@type\":\"ListItem\",\"position\":3,\"name\":\"Madyan &#8211; Oudi Eau de Parfum 100ml\"}]},{\"@type\":\"WebSite\",\"@id\":\"https:\/\/lebaraparfum.fr\/#website\",\"url\":\"https:\/\/lebaraparfum.fr\/\",\"name\":\"Le Bar \u00e0 Parfum\",\"description\":\"\",\"publisher\":{\"@id\":\"https:\/\/lebaraparfum.fr\/#organization\"},\"alternateName\":\"Eau De Gamme\",\"potentialAction\":[{\"@type\":\"SearchAction\",\"target\":{\"@type\":\"EntryPoint\",\"urlTemplate\":\"https:\/\/lebaraparfum.fr\/?s={search_term_string}\"},\"query-input\":\"required name=search_term_string\"}],\"inLanguage\":\"fr-FR\"},{\"@type\":\"Organization\",\"@id\":\"https:\/\/lebaraparfum.fr\/#organization\",\"name\":\"Eau De Gamme\",\"url\":\"https:\/\/lebaraparfum.fr\/\",\"logo\":{\"@type\":\"ImageObject\",\"inLanguage\":\"fr-FR\",\"@id\":\"https:\/\/lebaraparfum.fr\/#\/schema\/logo\/image\/\",\"url\":\"https:\/\/lebaraparfum.fr\/wp-content\/uploads\/2024\/01\/cropped-logo.png\",\"contentUrl\":\"https:\/\/lebaraparfum.fr\/wp-content\/uploads\/2024\/01\/cropped-logo.png\",\"width\":512,\"height\":512,\"caption\":\"Eau De Gamme\"},\"image\":{\"@id\":\"https:\/\/lebaraparfum.fr\/#\/schema\/logo\/image\/\"},\"sameAs\":[\"https:\/\/www.instagram.com\/edg.orleans\/\"],\"actionableFeedbackPolicy\":\"https:\/\/lebaraparfum.fr\/?page_id=2631\"}]}<\/script>\n<!-- \/ Yoast SEO Premium plugin. -->","yoast_head_json":{"title":"Madyan - Oudi Eau de Parfum 100ml | Le Bar \u00e0 Parfum","robots":{"index":"index","follow":"follow","max-snippet":"max-snippet:-1","max-image-preview":"max-image-preview:large","max-video-preview":"max-video-preview:-1"},"canonical":"https:\/\/lebaraparfum.fr\/?product=madyan-oudi-eau-de-parfum-100ml-2","og_locale":"fr_FR","og_type":"article","og_title":"Madyan - Oudi Eau de Parfum 100ml","og_description":"La fragrance s\u2019ouvre sur un \u00e9clat fruit\u00e9 et ensoleill\u00e9, o\u00f9 l\u2019exotisme de l\u2019ananas se marie \u00e0 la douceur velout\u00e9e de la p\u00eache et \u00e0 la fra\u00eecheur croquante de la pomme. En c\u0153ur, un d\u00e9licat bouquet floral de rose, de muguet et de magnolia d\u00e9voile une harmonie pleine de tendresse et d\u2019\u00e9l\u00e9gance. En fond, les notes chaleureuses de bois de santal s\u2019unissent au patchouli profond, au musc soyeux et \u00e0 une subtile touche d\u2019ambre gris, offrant un sillage doux, raffin\u00e9 et parfaitement \u00e9quilibr\u00e9. Un parfum \u00e0 la fois lumineux, floral et bois\u00e9, pens\u00e9 pour celles et ceux qui recherchent une signature olfactive \u00e9l\u00e9gante, harmonieuse et intemporelle.","og_url":"https:\/\/lebaraparfum.fr\/?product=madyan-oudi-eau-de-parfum-100ml-2","og_site_name":"Le Bar \u00e0 Parfum","article_modified_time":"2025-12-07T08:37:09+00:00","og_image":[{"width":2560,"height":2560,"url":"http:\/\/lebaraparfum.fr\/wp-content\/uploads\/2025\/10\/parfum1-2-scaled.webp","type":"image\/webp"}],"twitter_card":"summary_large_image","twitter_misc":{"Dur\u00e9e de lecture estim\u00e9e":"1 minute"},"schema":{"@context":"https:\/\/schema.org","@graph":[{"@type":"WebPage","@id":"https:\/\/lebaraparfum.fr\/?product=madyan-oudi-eau-de-parfum-100ml-2","url":"https:\/\/lebaraparfum.fr\/?product=madyan-oudi-eau-de-parfum-100ml-2","name":"Madyan - Oudi Eau de Parfum 100ml | Le Bar \u00e0 Parfum","isPartOf":{"@id":"https:\/\/lebaraparfum.fr\/#website"},"datePublished":"2025-10-11T07:09:46+00:00","dateModified":"2025-12-07T08:37:09+00:00","breadcrumb":{"@id":"https:\/\/lebaraparfum.fr\/?product=madyan-oudi-eau-de-parfum-100ml-2#breadcrumb"},"inLanguage":"fr-FR","potentialAction":[{"@type":"ReadAction","target":["https:\/\/lebaraparfum.fr\/?product=madyan-oudi-eau-de-parfum-100ml-2"]}]},{"@type":"BreadcrumbList","@id":"https:\/\/lebaraparfum.fr\/?product=madyan-oudi-eau-de-parfum-100ml-2#breadcrumb","itemListElement":[{"@type":"ListItem","position":1,"name":"Accueil","item":"https:\/\/lebaraparfum.fr\/"},{"@type":"ListItem","position":2,"name":"Shop","item":"https:\/\/lebaraparfum.fr\/?page_id=1280"},{"@type":"ListItem","position":3,"name":"Madyan &#8211; Oudi Eau de Parfum 100ml"}]},{"@type":"WebSite","@id":"https:\/\/lebaraparfum.fr\/#website","url":"https:\/\/lebaraparfum.fr\/","name":"Le Bar \u00e0 Parfum","description":"","publisher":{"@id":"https:\/\/lebaraparfum.fr\/#organization"},"alternateName":"Eau De Gamme","potentialAction":[{"@type":"SearchAction","target":{"@type":"EntryPoint","urlTemplate":"https:\/\/lebaraparfum.fr\/?s={search_term_string}"},"query-input":"required name=search_term_string"}],"inLanguage":"fr-FR"},{"@type":"Organization","@id":"https:\/\/lebaraparfum.fr\/#organization","name":"Eau De Gamme","url":"https:\/\/lebaraparfum.fr\/","logo":{"@type":"ImageObject","inLanguage":"fr-FR","@id":"https:\/\/lebaraparfum.fr\/#\/schema\/logo\/image\/","url":"https:\/\/lebaraparfum.fr\/wp-content\/uploads\/2024\/01\/cropped-logo.png","contentUrl":"https:\/\/lebaraparfum.fr\/wp-content\/uploads\/2024\/01\/cropped-logo.png","width":512,"height":512,"caption":"Eau De Gamme"},"image":{"@id":"https:\/\/lebaraparfum.fr\/#\/schema\/logo\/image\/"},"sameAs":["https:\/\/www.instagram.com\/edg.orleans\/"],"actionableFeedbackPolicy":"https:\/\/lebaraparfum.fr\/?page_id=2631"}]}},"_links":{"self":[{"href":"https:\/\/lebaraparfum.fr\/index.php?rest_route=\/wp\/v2\/product\/3432"}],"collection":[{"href":"https:\/\/lebaraparfum.fr\/index.php?rest_route=\/wp\/v2\/product"}],"about":[{"href":"https:\/\/lebaraparfum.fr\/index.php?rest_route=\/wp\/v2\/types\/product"}],"replies":[{"embeddable":true,"href":"https:\/\/lebaraparfum.fr\/index.php?rest_route=%2Fwp%2Fv2%2Fcomments&post=3432"}],"version-history":[{"count":4,"href":"https:\/\/lebaraparfum.fr\/index.php?rest_route=\/wp\/v2\/product\/3432\/revisions"}],"predecessor-version":[{"id":3503,"href":"https:\/\/lebaraparfum.fr\/index.php?rest_route=\/wp\/v2\/product\/3432\/revisions\/3503"}],"wp:featuredmedia":[{"embeddable":true,"href":"https:\/\/lebaraparfum.fr\/index.php?rest_route=\/wp\/v2\/media\/3433"}],"wp:attachment":[{"href":"https:\/\/lebaraparfum.fr\/index.php?rest_route=%2Fwp%2Fv2%2Fmedia&parent=3432"}],"wp:term":[{"taxonomy":"product_cat","embeddable":true,"href":"https:\/\/lebaraparfum.fr\/index.php?rest_route=%2Fwp%2Fv2%2Fproduct_cat&post=3432"},{"taxonomy":"product_tag","embeddable":true,"href":"https:\/\/lebaraparfum.fr\/index.php?rest_route=%2Fwp%2Fv2%2Fproduct_tag&post=3432"}],"curies":[{"name":"wp","href":"https:\/\/api.w.org\/{rel}","templated":true}]}}